{"id":423,"date":"2017-01-16T13:52:10","date_gmt":"2017-01-16T13:52:10","guid":{"rendered":"http:\/\/proamericana.sk\/?page_id=423"},"modified":"2017-03-15T10:23:25","modified_gmt":"2017-03-15T10:23:25","slug":"english-playground","status":"publish","type":"page","link":"https:\/\/www.proamericana.sk\/hu\/english-playground\/","title":{"rendered":"English Playground"},"content":{"rendered":"<p>[et_pb_section admin_label=&#8221;Szakasz&#8221; fullwidth=&#8221;on&#8221; specialty=&#8221;off&#8221;][et_pb_fullwidth_header admin_label=&#8221;Teljes sz\u00e9less\u00e9g\u0171 fejl\u00e9c&#8221; background_layout=&#8221;dark&#8221; text_orientation=&#8221;center&#8221; header_fullscreen=&#8221;off&#8221; header_scroll_down=&#8221;off&#8221; scroll_down_icon=&#8221;%%8%%&#8221; background_url=&#8221;http:\/\/proamericana.sk\/wp-content\/uploads\/2017\/01\/bck2-pattern.png&#8221; parallax=&#8221;off&#8221; parallax_method=&#8221;off&#8221; content_orientation=&#8221;center&#8221; image_orientation=&#8221;center&#8221; custom_button_one=&#8221;off&#8221; button_one_letter_spacing=&#8221;0&#8243; button_one_use_icon=&#8221;default&#8221; button_one_icon_placement=&#8221;right&#8221; button_one_on_hover=&#8221;on&#8221; button_one_letter_spacing_hover=&#8221;0&#8243; custom_button_two=&#8221;off&#8221; button_two_letter_spacing=&#8221;0&#8243; button_two_use_icon=&#8221;default&#8221; button_two_icon_placement=&#8221;right&#8221; button_two_on_hover=&#8221;on&#8221; button_two_letter_spacing_hover=&#8221;0&#8243; custom_css_main_element=&#8221;background-size: 25%;||background-repeat: repeat;&#8221; title_font=&#8221;Raleway|on||on|&#8221; title_font_size=&#8221;72px&#8221; subhead_font=&#8221;Raleway||||&#8221; subhead_font_size=&#8221;70px&#8221; custom_css_title=&#8221;font-weight: 900;||margin-top: 70px;||margin-bottom: 30px;&#8221; custom_css_subtitle=&#8221;line-height: 70px;||font-weight: 300;||margin-bottom: 50px;&#8221;]<\/p>\n<p><img loading=\"lazy\" decoding=\"async\" class=\"size-full wp-image-98 aligncenter\" src=\"http:\/\/proamericana.sk\/wp-content\/uploads\/2016\/12\/head1.png\" alt=\"\" width=\"513\" height=\"170\" srcset=\"https:\/\/www.proamericana.sk\/wp-content\/uploads\/2016\/12\/head1.png 513w, https:\/\/www.proamericana.sk\/wp-content\/uploads\/2016\/12\/head1-510x170.png 510w, https:\/\/www.proamericana.sk\/wp-content\/uploads\/2016\/12\/head1-300x99.png 300w\" sizes=\"auto, (max-width: 513px) 100vw, 513px\" \/><\/p>\n<p style=\"text-align: center; font-size: 16pt; color: #000;\"><strong>SZ\u00d3RAKOZTAT\u00d3 OKTAT\u00d3 APPLIK\u00c1CI\u00d3<\/strong> Gyerekeknek 4 \u00e9s 8 \u00e9ves kor k\u00f6z\u00f6tt.<\/p>\n<p>[\/et_pb_fullwidth_header][\/et_pb_section][et_pb_section admin_label=&#8221;Szakasz&#8221; fullwidth=&#8221;off&#8221; specialty=&#8221;off&#8221; transparent_background=&#8221;off&#8221; background_color=&#8221;#ebebeb&#8221; allow_player_pause=&#8221;off&#8221; inner_shadow=&#8221;off&#8221; parallax=&#8221;off&#8221; parallax_method=&#8221;off&#8221; padding_mobile=&#8221;off&#8221; make_fullwidth=&#8221;off&#8221; use_custom_width=&#8221;off&#8221; width_unit=&#8221;on&#8221; make_equal=&#8221;off&#8221; use_custom_gutter=&#8221;off&#8221; custom_padding=&#8221;0px|||&#8221; module_class=&#8221;m22_content&#8221;][et_pb_row admin_label=&#8221;Sor&#8221; make_fullwidth=&#8221;off&#8221; use_custom_width=&#8221;off&#8221; width_unit=&#8221;off&#8221; use_custom_gutter=&#8221;off&#8221; padding_mobile=&#8221;off&#8221; background_color=&#8221;#ffffff&#8221; allow_player_pause=&#8221;off&#8221; parallax=&#8221;off&#8221; parallax_method=&#8221;off&#8221; make_equal=&#8221;on&#8221; parallax_1=&#8221;off&#8221; parallax_method_1=&#8221;off&#8221; column_padding_mobile=&#8221;on&#8221; custom_padding=&#8221;10vh|5vw|10vh|5vw&#8221; parallax_2=&#8221;off&#8221; parallax_method_2=&#8221;off&#8221; parallax_3=&#8221;off&#8221; parallax_method_3=&#8221;off&#8221; module_class=&#8221;epcol&#8221;][et_pb_column type=&#8221;1_3&#8243;][et_pb_image admin_label=&#8221;K\u00e9p&#8221; src=&#8221;http:\/\/proamericana.sk\/wp-content\/uploads\/2017\/01\/iOs.png&#8221; show_in_lightbox=&#8221;off&#8221; url_new_window=&#8221;off&#8221; use_overlay=&#8221;off&#8221; animation=&#8221;left&#8221; sticky=&#8221;on&#8221; align=&#8221;center&#8221; force_fullwidth=&#8221;off&#8221; always_center_on_mobile=&#8221;on&#8221; use_border_color=&#8221;off&#8221; border_color=&#8221;#ffffff&#8221; border_style=&#8221;solid&#8221; custom_margin=&#8221;||5vh|&#8221;]<\/p>\n<p>[\/et_pb_image][et_pb_text admin_label=&#8221;Sz\u00f6veg&#8221; background_layout=&#8221;light&#8221; text_orientation=&#8221;center&#8221; use_border_color=&#8221;off&#8221; border_color=&#8221;#ffffff&#8221; border_style=&#8221;solid&#8221;]<\/p>\n<p><strong>iOS<\/strong><br \/>\niPhone, iPad<\/p>\n<p>[\/et_pb_text][et_pb_button admin_label=&#8221;Gomb&#8221; button_url=&#8221;https:\/\/itunes.apple.com\/us\/app\/english-playground\/id1184899379&#8243; url_new_window=&#8221;on&#8221; button_text=&#8221;LET\u00d6LT\u00c9S&#8221; button_alignment=&#8221;center&#8221; background_layout=&#8221;dark&#8221; custom_button=&#8221;on&#8221; button_letter_spacing=&#8221;0&#8243; button_use_icon=&#8221;default&#8221; button_icon_placement=&#8221;right&#8221; button_on_hover=&#8221;off&#8221; button_letter_spacing_hover=&#8221;0&#8243; module_class=&#8221;m22_cloud&#8221; custom_css_main_element=&#8221;background: #9eb357;&#8221; button_border_radius=&#8221;50&#8243; button_border_width=&#8221;0&#8243; button_border_radius_hover=&#8221;50&#8243; custom_css_after=&#8221;background-size: 40px 31px;||right: 23px !important;||top: 12px !important;&#8221;]<\/p>\n<p>[\/et_pb_button][\/et_pb_column][et_pb_column type=&#8221;1_3&#8243;][et_pb_image admin_label=&#8221;K\u00e9p&#8221; src=&#8221;http:\/\/proamericana.sk\/wp-content\/uploads\/2017\/01\/droid.png&#8221; show_in_lightbox=&#8221;off&#8221; url_new_window=&#8221;off&#8221; use_overlay=&#8221;off&#8221; animation=&#8221;bottom&#8221; sticky=&#8221;on&#8221; align=&#8221;center&#8221; force_fullwidth=&#8221;off&#8221; always_center_on_mobile=&#8221;on&#8221; use_border_color=&#8221;off&#8221; border_color=&#8221;#ffffff&#8221; border_style=&#8221;solid&#8221; custom_margin=&#8221;||5vh|&#8221;]<\/p>\n<p>[\/et_pb_image][et_pb_text admin_label=&#8221;Sz\u00f6veg&#8221; background_layout=&#8221;light&#8221; text_orientation=&#8221;center&#8221; use_border_color=&#8221;off&#8221; border_color=&#8221;#ffffff&#8221; border_style=&#8221;solid&#8221;]<\/p>\n<p><strong>ANDROID<\/strong><br \/>\nMobil \u00e9s tablet<\/p>\n<p>[\/et_pb_text][et_pb_button admin_label=&#8221;Gomb&#8221; button_url=&#8221;https:\/\/play.google.com\/store\/apps\/details?id=com.media22.englishplayground&#8221; url_new_window=&#8221;on&#8221; button_text=&#8221;LET\u00d6LT\u00c9S&#8221; button_alignment=&#8221;center&#8221; background_layout=&#8221;dark&#8221; custom_button=&#8221;on&#8221; button_letter_spacing=&#8221;0&#8243; button_use_icon=&#8221;default&#8221; button_icon_placement=&#8221;right&#8221; button_on_hover=&#8221;off&#8221; button_letter_spacing_hover=&#8221;0&#8243; module_class=&#8221;m22_cloud&#8221; custom_css_main_element=&#8221;background: #9eb357;&#8221; button_border_radius=&#8221;50&#8243; button_border_width=&#8221;0&#8243; button_border_radius_hover=&#8221;50&#8243; custom_css_after=&#8221;background-size: 40px 31px;||right: 23px !important;||top: 12px !important;&#8221;]<\/p>\n<p>[\/et_pb_button][\/et_pb_column][et_pb_column type=&#8221;1_3&#8243;][et_pb_image admin_label=&#8221;K\u00e9p&#8221; src=&#8221;http:\/\/proamericana.sk\/wp-content\/uploads\/2017\/01\/pc.png&#8221; show_in_lightbox=&#8221;off&#8221; url_new_window=&#8221;off&#8221; use_overlay=&#8221;off&#8221; animation=&#8221;right&#8221; sticky=&#8221;on&#8221; align=&#8221;center&#8221; force_fullwidth=&#8221;off&#8221; always_center_on_mobile=&#8221;on&#8221; use_border_color=&#8221;off&#8221; border_color=&#8221;#ffffff&#8221; border_style=&#8221;solid&#8221; custom_margin=&#8221;||5vh|&#8221;]<\/p>\n<p>[\/et_pb_image][et_pb_text admin_label=&#8221;Sz\u00f6veg&#8221; background_layout=&#8221;light&#8221; text_orientation=&#8221;center&#8221; use_border_color=&#8221;off&#8221; border_color=&#8221;#ffffff&#8221; border_style=&#8221;solid&#8221;]<\/p>\n<p><strong style=\"text-transform: uppercase;\">Po\u010d\u00edta\u010de<\/strong><br \/>\nSz\u00e1m\u00edt\u00f3g\u00e9p, laptop, interakt\u00edv t\u00e1bla<\/p>\n<p>[\/et_pb_text][et_pb_button admin_label=&#8221;Gomb&#8221; button_url=&#8221;http:\/\/ep.22media.sk\/game\/&#8221; url_new_window=&#8221;off&#8221; button_text=&#8221;LET\u00d6LT\u00c9S&#8221; button_alignment=&#8221;center&#8221; background_layout=&#8221;dark&#8221; custom_button=&#8221;on&#8221; button_letter_spacing=&#8221;0&#8243; button_use_icon=&#8221;default&#8221; button_icon_placement=&#8221;right&#8221; button_on_hover=&#8221;off&#8221; button_letter_spacing_hover=&#8221;0&#8243; module_class=&#8221;m22_cloud&#8221; custom_css_main_element=&#8221;background: #9eb357;&#8221; button_border_radius=&#8221;50&#8243; button_border_width=&#8221;0&#8243; button_border_radius_hover=&#8221;50&#8243; custom_css_after=&#8221;background-size: 40px 31px;||right: 23px !important;||top: 12px !important;&#8221;]<\/p>\n<p>[\/et_pb_button][\/et_pb_column][\/et_pb_row][et_pb_row admin_label=&#8221;Sor&#8221; make_fullwidth=&#8221;off&#8221; use_custom_width=&#8221;off&#8221; width_unit=&#8221;on&#8221; use_custom_gutter=&#8221;off&#8221; custom_padding=&#8221;0px|0px|0px|0px&#8221; padding_mobile=&#8221;off&#8221; allow_player_pause=&#8221;off&#8221; parallax=&#8221;off&#8221; parallax_method=&#8221;off&#8221; make_equal=&#8221;off&#8221; parallax_1=&#8221;off&#8221; parallax_method_1=&#8221;off&#8221; column_padding_mobile=&#8221;on&#8221;][et_pb_column type=&#8221;4_4&#8243;][et_pb_video admin_label=&#8221;Vide\u00f3&#8221; image_src=&#8221;http:\/\/proamericana.sk\/wp-content\/uploads\/2017\/02\/video.jpg&#8221; play_icon_color=&#8221;#ffffff&#8221; src=&#8221;https:\/\/www.youtube.com\/watch?v=H9MR1qBA_-E&#8221;]<\/p>\n<p>[\/et_pb_video][\/et_pb_column][\/et_pb_row][et_pb_row admin_label=&#8221;Sor&#8221;][et_pb_column type=&#8221;4_4&#8243;][et_pb_divider admin_label=&#8221;Elv\u00e1laszt\u00f3&#8221; color=&#8221;#ffffff&#8221; show_divider=&#8221;off&#8221; height=&#8221;50px&#8221; divider_style=&#8221;solid&#8221; divider_position=&#8221;top&#8221; hide_on_mobile=&#8221;on&#8221;]<\/p>\n<p>[\/et_pb_divider][et_pb_text admin_label=&#8221;Sz\u00f6veg&#8221; background_layout=&#8221;light&#8221; text_orientation=&#8221;justified&#8221; text_font_size=&#8221;16&#8243; text_text_color=&#8221;#2e2d2d&#8221; use_border_color=&#8221;off&#8221; border_color=&#8221;#ffffff&#8221; border_style=&#8221;solid&#8221;]<\/p>\n<p><b>Tan\u00edtsa gyermek\u00e9t angolul j\u00e1tszva az English Playground applik\u00e1ci\u00f3val!<\/b><\/p>\n<p>Szeretn\u00e9 seg\u00edteni gyermek\u00e9t az angol nyelvtanul\u00e1sban? T\u00f6ltse le az \u00e9rdekes \u00e9s sz\u00f3rakoztat\u00f3 English Playground applik\u00e1ci\u00f3t, amely j\u00e1t\u00e9kos m\u00f3don tan\u00edtja az angol szavakat, k\u00fcl\u00f6nf\u00e9le tud\u00e1sszinteken.  Az \u201eAngol j\u00e1tsz\u00f3t\u00e9rnek\u201d k\u00f6sz\u00f6nhet\u0151en az angol nyelvtanul\u00e1s igaz\u00e1n egyszer\u0171 lesz!  A j\u00e1t\u00e9k sz\u00f3k\u00e9szlete k\u00fcl\u00f6nf\u00e9le ter\u00fcleteket \u00f6lel fel.<br \/>\nA gyermek megtanulhatja az \u00e1llatok, a sz\u00ednek, a sz\u00e1mok, a gy\u00fcm\u00f6lcs\u00f6k-z\u00f6lds\u00e9gek, \u00e9telek \u00e9s t\u00e1rgyak neveit, hogy mikor hogyan \u00fcdv\u00f6z\u00f6lj\u00fck egym\u00e1st, valamint az id\u0151j\u00e1r\u00e1sra vonatkoz\u00f3 kifejez\u00e9seket. Az egyszer\u0171 de nagyszer\u0171 applik\u00e1ci\u00f3 els\u0151sorban a 4-8 \u00e9v k\u00f6z\u00f6tti gyermekek sz\u00e1m\u00e1ra aj\u00e1nlott.  <\/p>\n<p>A kiv\u00e1l\u00f3 grafik\u00e1j\u00fa applik\u00e1ci\u00f3 k\u00f6nnyen kezelhet\u0151. Hat nagyobb j\u00e1t\u00e9k tal\u00e1lhat\u00f3 rajta, amelyeken bel\u00fcl mini-j\u00e1t\u00e9kokat fedezhet fel gyermek\u00fcnk. A fokozatosan megnyithat\u00f3 j\u00e1t\u00e9kok a tud\u00e1sszintnek megfelel\u0151en, l\u00e9p\u00e9sr\u0151l l\u00e9p\u00e9sre haladva \u00e9p\u00fclnek egym\u00e1sra. \u00cdgy gyermeke j\u00e1t\u00e9kosan, k\u00f6nnyed\u00e9n haladhat el\u0151re az angol nyelv elsaj\u00e1t\u00edt\u00e1s\u00e1ban. Az applik\u00e1ci\u00f3 seg\u00edts\u00e9g\u00e9vel 200 sz\u00f3 tanulhat\u00f3 meg.<\/p>\n<p> Az English Playground ingyen let\u00f6lthet\u0151, rekl\u00e1mmentes alkalmaz\u00e1s. Nem tartalmaz semmilyen kieg\u00e9sz\u00edt\u00e9st, amelyek\u00e9rt k\u00e9s\u0151bb fizetni kellene.  Az \u201eAngol j\u00e1tsz\u00f3teret\u201d \u00fagy fejlesztett\u00fck ki, hogy a sz\u00f3rakoztat\u00f3 \u00e9s k\u00f6nnyen kezelhet\u0151 legyen a 4-8 \u00e9vesek sz\u00e1m\u00e1ra is.<\/p>\n<p>Mire v\u00e1r m\u00e9g? Seg\u00edtsen gyermek\u00e9nek k\u00f6nnyed\u00e9n \u00e9s j\u00e1tszva tanulni, t\u00f6ltse le az \u201eEnglish Playground\u201d applik\u00e1ci\u00f3t!<\/p>\n<p>[\/et_pb_text][et_pb_divider admin_label=&#8221;Elv\u00e1laszt\u00f3&#8221; color=&#8221;#ffffff&#8221; show_divider=&#8221;off&#8221; height=&#8221;100px&#8221; divider_style=&#8221;solid&#8221; divider_position=&#8221;top&#8221; hide_on_mobile=&#8221;on&#8221;]<\/p>\n<p>[\/et_pb_divider][\/et_pb_column][\/et_pb_row][\/et_pb_section][et_pb_section admin_label=&#8221;Szakasz&#8221; fullwidth=&#8221;off&#8221; specialty=&#8221;off&#8221; transparent_background=&#8221;off&#8221; background_color=&#8221;#ebebeb&#8221; allow_player_pause=&#8221;off&#8221; inner_shadow=&#8221;off&#8221; parallax=&#8221;off&#8221; parallax_method=&#8221;off&#8221; custom_padding=&#8221;0px||0px|&#8221; padding_mobile=&#8221;off&#8221; make_fullwidth=&#8221;off&#8221; use_custom_width=&#8221;off&#8221; width_unit=&#8221;on&#8221; make_equal=&#8221;off&#8221; use_custom_gutter=&#8221;off&#8221;][et_pb_row admin_label=&#8221;Sor&#8221; make_fullwidth=&#8221;off&#8221; use_custom_width=&#8221;off&#8221; width_unit=&#8221;on&#8221; use_custom_gutter=&#8221;off&#8221; padding_mobile=&#8221;off&#8221; background_color=&#8221;#ebebeb&#8221; allow_player_pause=&#8221;off&#8221; parallax=&#8221;off&#8221; parallax_method=&#8221;off&#8221; make_equal=&#8221;off&#8221; parallax_1=&#8221;off&#8221; parallax_method_1=&#8221;off&#8221; column_padding_mobile=&#8221;on&#8221; custom_padding=&#8221;0px||0px|&#8221; custom_margin=&#8221;0px||0px|&#8221;][et_pb_column type=&#8221;4_4&#8243;][et_pb_image admin_label=&#8221;K\u00e9p&#8221; src=&#8221;http:\/\/proamericana.sk\/wp-content\/uploads\/2016\/12\/hr-1.png&#8221; show_in_lightbox=&#8221;off&#8221; url_new_window=&#8221;off&#8221; use_overlay=&#8221;off&#8221; animation=&#8221;fade_in&#8221; sticky=&#8221;on&#8221; align=&#8221;center&#8221; force_fullwidth=&#8221;off&#8221; always_center_on_mobile=&#8221;on&#8221; use_border_color=&#8221;off&#8221; border_color=&#8221;#ffffff&#8221; border_style=&#8221;solid&#8221;]<\/p>\n<p>[\/et_pb_image][et_pb_divider admin_label=&#8221;Elv\u00e1laszt\u00f3&#8221; color=&#8221;#ffffff&#8221; show_divider=&#8221;off&#8221; height=&#8221;50px&#8221; divider_style=&#8221;solid&#8221; divider_position=&#8221;top&#8221; hide_on_mobile=&#8221;on&#8221;]<\/p>\n<p>[\/et_pb_divider][\/et_pb_column][\/et_pb_row][\/et_pb_section]<\/p>\n","protected":false},"excerpt":{"rendered":"<p>[et_pb_section admin_label=&#8221;Szakasz&#8221; fullwidth=&#8221;on&#8221; specialty=&#8221;off&#8221;][et_pb_fullwidth_header admin_label=&#8221;Teljes sz\u00e9less\u00e9g\u0171 fejl\u00e9c&#8221; background_layout=&#8221;dark&#8221; text_orientation=&#8221;center&#8221; header_fullscreen=&#8221;off&#8221; header_scroll_down=&#8221;off&#8221; scroll_down_icon=&#8221;%%8%%&#8221; background_url=&#8221;http:\/\/proamericana.sk\/wp-content\/uploads\/2017\/01\/bck2-pattern.png&#8221; parallax=&#8221;off&#8221; parallax_method=&#8221;off&#8221; content_orientation=&#8221;center&#8221; image_orientation=&#8221;center&#8221; custom_button_one=&#8221;off&#8221; button_one_letter_spacing=&#8221;0&#8243; button_one_use_icon=&#8221;default&#8221; button_one_icon_placement=&#8221;right&#8221; button_one_on_hover=&#8221;on&#8221; button_one_letter_spacing_hover=&#8221;0&#8243; custom_button_two=&#8221;off&#8221; button_two_letter_spacing=&#8221;0&#8243; button_two_use_icon=&#8221;default&#8221; button_two_icon_placement=&#8221;right&#8221; button_two_on_hover=&#8221;on&#8221; button_two_letter_spacing_hover=&#8221;0&#8243; custom_css_main_element=&#8221;background-size: 25%;||background-repeat: repeat;&#8221; title_font=&#8221;Raleway|on||on|&#8221; title_font_size=&#8221;72px&#8221; subhead_font=&#8221;Raleway||||&#8221; subhead_font_size=&#8221;70px&#8221; custom_css_title=&#8221;font-weight: 900;||margin-top: 70px;||margin-bottom: 30px;&#8221; custom_css_subtitle=&#8221;line-height: 70px;||font-weight: 300;||margin-bottom: 50px;&#8221;] SZ\u00d3RAKOZTAT\u00d3 OKTAT\u00d3 APPLIK\u00c1CI\u00d3 Gyerekeknek 4 \u00e9s 8 \u00e9ves kor k\u00f6z\u00f6tt. [\/et_pb_fullwidth_header][\/et_pb_section][et_pb_section [&hellip;]<\/p>\n","protected":false},"author":1,"featured_media":0,"parent":0,"menu_order":0,"comment_status":"closed","ping_status":"closed","template":"","meta":{"footnotes":""},"class_list":["post-423","page","type-page","status-publish","hentry"],"_links":{"self":[{"href":"https:\/\/www.proamericana.sk\/hu\/wp-json\/wp\/v2\/pages\/423","targetHints":{"allow":["GET"]}}],"collection":[{"href":"https:\/\/www.proamericana.sk\/hu\/wp-json\/wp\/v2\/pages"}],"about":[{"href":"https:\/\/www.proamericana.sk\/hu\/wp-json\/wp\/v2\/types\/page"}],"author":[{"embeddable":true,"href":"https:\/\/www.proamericana.sk\/hu\/wp-json\/wp\/v2\/users\/1"}],"replies":[{"embeddable":true,"href":"https:\/\/www.proamericana.sk\/hu\/wp-json\/wp\/v2\/comments?post=423"}],"version-history":[{"count":0,"href":"https:\/\/www.proamericana.sk\/hu\/wp-json\/wp\/v2\/pages\/423\/revisions"}],"wp:attachment":[{"href":"https:\/\/www.proamericana.sk\/hu\/wp-json\/wp\/v2\/media?parent=423"}],"curies":[{"name":"wp","href":"https:\/\/api.w.org\/{rel}","templated":true}]}}