{"id":3138,"date":"2020-02-18T20:16:48","date_gmt":"2020-02-18T20:16:48","guid":{"rendered":"https:\/\/www.proamericana.sk\/barcelona-zajazd\/"},"modified":"2020-04-22T14:36:57","modified_gmt":"2020-04-22T14:36:57","slug":"barcelona-zajazd","status":"publish","type":"page","link":"https:\/\/www.proamericana.sk\/hu\/barcelona-zajazd\/","title":{"rendered":"Z\u00e1jazd Barcelona"},"content":{"rendered":"<p>[et_pb_section transparent_background=&#8221;off&#8221; allow_player_pause=&#8221;off&#8221; inner_shadow=&#8221;off&#8221; parallax=&#8221;off&#8221; parallax_method=&#8221;off&#8221; custom_padding_tablet=&#8221;0px||0px|&#8221; padding_mobile=&#8221;off&#8221; make_fullwidth=&#8221;off&#8221; use_custom_width=&#8221;off&#8221; width_unit=&#8221;on&#8221; custom_width_px=&#8221;1080px&#8221; custom_width_percent=&#8221;80%&#8221; make_equal=&#8221;off&#8221; use_custom_gutter=&#8221;off&#8221; fullwidth=&#8221;on&#8221; specialty=&#8221;off&#8221; admin_label=&#8221;Szakasz&#8221; custom_padding_last_edited=&#8221;on|tablet&#8221; disabled=&#8221;off&#8221;][et_pb_fullwidth_header title=&#8221;ismeretterjest\u0151 \u00dat&#8221; subhead=&#8221;BARCELONA\/TOSSA DE MAR&#8221; background_layout=&#8221;dark&#8221; text_orientation=&#8221;center&#8221; header_fullscreen=&#8221;off&#8221; header_scroll_down=&#8221;off&#8221; scroll_down_icon=&#8221;%%8%%&#8221; background_url=&#8221;http:\/\/proamericana.sk\/wp-content\/uploads\/2016\/12\/bck1-pattern.png&#8221; parallax=&#8221;off&#8221; parallax_method=&#8221;off&#8221; content_orientation=&#8221;center&#8221; image_orientation=&#8221;center&#8221; admin_label=&#8221;Teljes sz\u00e9less\u00e9g\u0171 fejl\u00e9c&#8221; title_font=&#8221;Raleway|on||on|&#8221; title_font_size=&#8221;72px&#8221; title_font_size_tablet=&#8221;54px&#8221; title_font_size_phone=&#8221;32px&#8221; title_font_size_last_edited=&#8221;on|phone&#8221; subhead_font=&#8221;Raleway||||&#8221; subhead_font_size=&#8221;70px&#8221; subhead_font_size_tablet=&#8221;25px&#8221; subhead_font_size_phone=&#8221;16px&#8221; subhead_font_size_last_edited=&#8221;on|tablet&#8221; content_font_size=&#8221;14px&#8221; custom_button_one=&#8221;off&#8221; button_one_text_size=&#8221;20&#8243; button_one_letter_spacing=&#8221;0&#8243; button_one_use_icon=&#8221;default&#8221; button_one_icon_placement=&#8221;right&#8221; button_one_on_hover=&#8221;on&#8221; button_one_letter_spacing_hover=&#8221;0&#8243; custom_button_two=&#8221;off&#8221; button_two_text_size=&#8221;20&#8243; button_two_letter_spacing=&#8221;0&#8243; button_two_use_icon=&#8221;default&#8221; button_two_icon_placement=&#8221;right&#8221; button_two_on_hover=&#8221;on&#8221; button_two_letter_spacing_hover=&#8221;0&#8243; custom_css_main_element=&#8221;background-size: 50%;||background-repeat: repeat;&#8221; custom_css_title=&#8221;font-weight: 900;||margin-top: 70px;||margin-bottom: 30px;&#8221; custom_css_subtitle=&#8221;line-height: 70px;||font-weight: 300;||margin-bottom: 50px;&#8221; disabled=&#8221;off&#8221;] [\/et_pb_fullwidth_header][\/et_pb_section][et_pb_section transparent_background=&#8221;off&#8221; background_color=&#8221;#ebebeb&#8221; allow_player_pause=&#8221;off&#8221; inner_shadow=&#8221;off&#8221; parallax=&#8221;off&#8221; parallax_method=&#8221;off&#8221; custom_padding=&#8221;0px|||&#8221; padding_mobile=&#8221;off&#8221; make_fullwidth=&#8221;off&#8221; use_custom_width=&#8221;off&#8221; width_unit=&#8221;on&#8221; custom_width_px=&#8221;1080px&#8221; custom_width_percent=&#8221;80%&#8221; make_equal=&#8221;off&#8221; use_custom_gutter=&#8221;off&#8221; fullwidth=&#8221;off&#8221; specialty=&#8221;off&#8221; admin_label=&#8221;Szakasz&#8221; module_class=&#8221;m22_content&#8221; disabled=&#8221;off&#8221;][et_pb_row make_fullwidth=&#8221;off&#8221; use_custom_width=&#8221;off&#8221; width_unit=&#8221;off&#8221; custom_width_px=&#8221;1080px&#8221; custom_width_percent=&#8221;80%&#8221; use_custom_gutter=&#8221;off&#8221; gutter_width=&#8221;3&#8243; custom_padding=&#8221;||5vh|&#8221; padding_mobile=&#8221;off&#8221; background_color=&#8221;#ffffff&#8221; allow_player_pause=&#8221;off&#8221; parallax=&#8221;off&#8221; parallax_method=&#8221;off&#8221; make_equal=&#8221;off&#8221; column_padding_mobile=&#8221;on&#8221; parallax_1=&#8221;off&#8221; parallax_method_1=&#8221;off&#8221; parallax_2=&#8221;off&#8221; parallax_method_2=&#8221;on&#8221; parallax_3=&#8221;off&#8221; parallax_method_3=&#8221;on&#8221; parallax_4=&#8221;off&#8221; parallax_method_4=&#8221;on&#8221; admin_label=&#8221;Sor&#8221; disabled=&#8221;off&#8221;][et_pb_column type=&#8221;4_4&#8243; disabled=&#8221;off&#8221; parallax=&#8221;off&#8221; parallax_method=&#8221;off&#8221; column_padding_mobile=&#8221;on&#8221;][et_pb_image src=&#8221;http:\/\/proamericana.sk\/wp-content\/uploads\/2016\/12\/down-1.png&#8221; show_in_lightbox=&#8221;off&#8221; url=&#8221;#top22&#8243; url_new_window=&#8221;off&#8221; use_overlay=&#8221;off&#8221; animation=&#8221;fade_in&#8221; sticky=&#8221;off&#8221; align=&#8221;center&#8221; force_fullwidth=&#8221;off&#8221; always_center_on_mobile=&#8221;on&#8221; admin_label=&#8221;K\u00e9p&#8221; use_border_color=&#8221;off&#8221; border_color=&#8221;#ffffff&#8221; border_width=&#8221;1px&#8221; border_style=&#8221;solid&#8221; custom_margin=&#8221;-40px|||&#8221; custom_margin_last_edited=&#8221;on|desktop&#8221; disabled=&#8221;off&#8221; saved_tabs=&#8221;all&#8221;] [\/et_pb_image][et_pb_divider color=&#8221;#ffffff&#8221; height=&#8221;100px&#8221; divider_style=&#8221;solid&#8221; divider_position=&#8221;top&#8221; divider_weight=&#8221;1px&#8221; hide_on_mobile=&#8221;on&#8221; admin_label=&#8221;Elv\u00e1laszt\u00f3&#8221; disabled=&#8221;off&#8221;] [\/et_pb_divider][et_pb_text background_layout=&#8221;light&#8221; text_orientation=&#8221;justified&#8221; admin_label=&#8221;Sz\u00f6veg&#8221; module_id=&#8221;top22&#8243; header_font=&#8221;Raleway|on||on|&#8221; header_font_size=&#8221;22px&#8221; header_text_color=&#8221;#9eb357&#8243; text_font_size=&#8221;16px&#8221; use_border_color=&#8221;off&#8221; border_style=&#8221;solid&#8221; disabled=&#8221;off&#8221; inline_fonts=&#8221;Open Sans&#8221;]<\/p>\n<h3 style=\"text-align: center\"><strong>D\u00e1tum konania z\u00e1jazdu: <span style=\"color: #68af34\">24.05.2020 \u2013 28.05.2020 <\/span><\/strong>(nede\u013ea-\u0161tvrtok, 5 dn\u00ed, 4 noci)<\/h3>\n<p style=\"text-align: center\"><span lang=\"SK\">Organiz\u00e1tor: Cestovn\u00e1 agent\u00fara Mediart &amp; Travel, Podz\u00e1hradn\u00e1 1A\/8, 945 04 Kom\u00e1rno<br \/>\n<\/span><span lang=\"SK\">Referentka: Silvia Kov\u00e1cs<\/span><strong><span lang=\"SK\"><br \/>\nTrasa z\u00e1jazdu: K<strong><span style=\"font-family: Open Sans\">om\u00e1rno \u2013 Budapest \u2013 Bar<\/span><\/strong>celona &#8211; Tossa de Mar a sp\u00e4\u0165<br \/>\n<\/span><br \/>\nPl\u00e1novan\u00fd po\u010det \u00fa\u010dastn\u00edkov: <\/strong>bude upresnen\u00fd<strong><br \/>\nDopravn\u00fd prostriedok: <\/strong>lietadlo \/Ryanair\/, preprava z\/na letisko autobusom<strong><br \/>\nOdlet tam: <\/strong>Budapest 06:00 \u2013 Barcelona 08:35<strong><br \/>\nPr\u00edlet sp\u00e4\u0165: <\/strong>Barcelona 17:00\u2013 Budapest 19:40<\/p>\n<p>Rozsah poskytovan\u00fdch slu\u017eieb:<br \/>\n&#8211; 4x ubytovanie v 2 alebo 3 l\u00f4\u017ekov\u00fdch izb\u00e1ch v Apartm\u00e1novom dome SOL v Tossa de Mar<br \/>\n(kuchy\u0148a, k\u00fape\u013e\u0148a na izbe)<br \/>\n&#8211;\u00a0 celodenn\u00fd v\u00fdlet do Barcelony<br \/>\n&#8211;\u00a0\u00a0\u00a0 prech\u00e1dzka so sprievodcom po meste v Tossa de Mar \u201eTajomstv\u00e1 Tossy\u201c<br \/>\n&#8211;\u00a0\u00a0\u00a0 odborn\u00fd sprievodca<br \/>\n&#8211;\u00a0\u00a0\u00a0 1x tradi\u010dn\u00fd \u0161panielsky obed alebo ve\u010dera &#8211; paella<br \/>\n&#8211;\u00a0\u00a0\u00a0 mo\u017enos\u0165 ra\u0148ajok &#8211; cca 3-7 \u20ac, obedy alebo ve\u010dera<br \/>\n\u2013 cca 16 \u20ac\/osoba v susednom hoteli<\/p>\n<h3 style=\"text-align: center;line-height: 1.5;margin-bottom: 0\">PROGRAM Z\u00c1JAZDU<\/h3>\n<p>[\/et_pb_text][\/et_pb_column][\/et_pb_row][et_pb_row make_fullwidth=&#8221;off&#8221; use_custom_width=&#8221;off&#8221; width_unit=&#8221;on&#8221; custom_width_px=&#8221;1080px&#8221; custom_width_percent=&#8221;80%&#8221; use_custom_gutter=&#8221;off&#8221; gutter_width=&#8221;3&#8243; padding_mobile=&#8221;off&#8221; allow_player_pause=&#8221;off&#8221; parallax=&#8221;off&#8221; parallax_method=&#8221;off&#8221; make_equal=&#8221;off&#8221; column_padding_mobile=&#8221;on&#8221; background_color_1=&#8221;#9eb357&#8243; padding_top_1=&#8221;5%&#8221; padding_right_1=&#8221;5%&#8221; padding_bottom_1=&#8221;5%&#8221; padding_left_1=&#8221;5%&#8221; parallax_1=&#8221;off&#8221; parallax_method_1=&#8221;off&#8221; parallax_2=&#8221;off&#8221; parallax_method_2=&#8221;on&#8221; parallax_3=&#8221;off&#8221; parallax_method_3=&#8221;on&#8221; parallax_4=&#8221;off&#8221; parallax_method_4=&#8221;on&#8221; admin_label=&#8221;Sor&#8221; disabled=&#8221;off&#8221;][et_pb_column type=&#8221;4_4&#8243; disabled=&#8221;off&#8221; background_color=&#8221;#9eb357&#8243; padding_bottom=&#8221;5%&#8221; padding_left=&#8221;5%&#8221; padding_right=&#8221;5%&#8221; padding_top=&#8221;5%&#8221; parallax=&#8221;off&#8221; parallax_method=&#8221;off&#8221; column_padding_mobile=&#8221;on&#8221;][et_pb_text background_layout=&#8221;light&#8221; text_orientation=&#8221;left&#8221; admin_label=&#8221;Sz\u00f6veg&#8221; use_border_color=&#8221;off&#8221; border_style=&#8221;solid&#8221; disabled=&#8221;off&#8221;][\/et_pb_text][et_pb_text background_layout=&#8221;dark&#8221; text_orientation=&#8221;justified&#8221; admin_label=&#8221;Sz\u00f6veg&#8221; use_border_color=&#8221;off&#8221; border_style=&#8221;solid&#8221; custom_padding=&#8221;0px|10px|10px|10px&#8221; disabled=&#8221;off&#8221;]<\/p>\n<ol>\n<li><em><em>de\u0148: Kom\u00e1rno &#8211; Budapest \u2013 Barcelona \u2013 Tossa de Mar<\/em><\/em>&nbsp;<\/li>\n<li><em><em>de\u0148: pozn\u00e1vac\u00ed v\u00fdlet do Barcelony a Monserratu (svetozn\u00e1me p\u00fatnick\u00e9 miesto, kde sa nach\u00e1dza \u010cierna Madona) so sprievodcom \u2013 celodenn\u00fd autobusov\u00fd z\u00e1jazd po pamiatk\u00e1ch v Barcelone (Sagrada Familia, La Rambla-zn\u00e1ma pe\u0161ia ulica, Mont Juic-Olympijsk\u00fd \u0161tadi\u00f3n a vyhliadka), n\u00e1v\u0161teva Monserratu<\/em><\/em>3. de\u0148: \u201eTajomstv\u00e1 Tossy\u201c \u2013 autentick\u00e1 prech\u00e1dzka so sprievodcom po meste, tradi\u010dn\u00fd obed alebo ve\u010dera \u201epaella\u201c\n<p>4. de\u0148: pe\u0161ia t\u00fara do malebn\u00e9ho z\u00e1livu Cala Llevado (cca 10 km, cena: 7 \u20ac\/osoba), alebo v\u00fdlet lo\u010fou do Lloret de Mar (orienta\u010dn\u00e1 cena: 23 \u20ac), alebo v\u00fdlet lo\u010fkou do malebn\u00e9ho z\u00e1livu Cala Giverola (orienta\u010dn\u00e1 cena: 16 \u20ac)<\/p>\n<p>5. de\u0148: Tossa de Mar \u2013 Barcelona \u2013 Budapest &#8211; Kom\u00e1rno<\/li>\n<\/ol>\n<p>[\/et_pb_text][\/et_pb_column][\/et_pb_row][et_pb_row make_fullwidth=&#8221;off&#8221; use_custom_width=&#8221;off&#8221; width_unit=&#8221;off&#8221; custom_width_px=&#8221;1080px&#8221; custom_width_percent=&#8221;80%&#8221; use_custom_gutter=&#8221;off&#8221; gutter_width=&#8221;3&#8243; padding_mobile=&#8221;off&#8221; allow_player_pause=&#8221;off&#8221; parallax=&#8221;off&#8221; parallax_method=&#8221;on&#8221; make_equal=&#8221;off&#8221; column_padding_mobile=&#8221;on&#8221; parallax_1=&#8221;off&#8221; parallax_method_1=&#8221;on&#8221; parallax_2=&#8221;off&#8221; parallax_method_2=&#8221;on&#8221; parallax_3=&#8221;off&#8221; parallax_method_3=&#8221;on&#8221; parallax_4=&#8221;off&#8221; parallax_method_4=&#8221;on&#8221; admin_label=&#8221;Sor&#8221; disabled=&#8221;off&#8221;][et_pb_column type=&#8221;4_4&#8243; disabled=&#8221;off&#8221; parallax=&#8221;off&#8221; parallax_method=&#8221;on&#8221; column_padding_mobile=&#8221;on&#8221;][et_pb_divider color=&#8221;#ffffff&#8221; height=&#8221;50px&#8221; divider_style=&#8221;solid&#8221; divider_position=&#8221;top&#8221; divider_weight=&#8221;1px&#8221; hide_on_mobile=&#8221;on&#8221; admin_label=&#8221;Elv\u00e1laszt\u00f3&#8221; disabled=&#8221;off&#8221;] [\/et_pb_divider][et_pb_text background_layout=&#8221;light&#8221; text_orientation=&#8221;justified&#8221; admin_label=&#8221;Sz\u00f6veg&#8221; text_font_size=&#8221;16&#8243; text_text_color=&#8221;#2e2d2d&#8221; use_border_color=&#8221;off&#8221; border_style=&#8221;solid&#8221; disabled=&#8221;off&#8221;]<\/p>\n<ul>\n<li><strong><span style=\"color: #e02b20\">Cena z\u00e1jazdu: 390 \u20ac<\/span><\/strong> <span style=\"color: #e02b20\"><strong>(letenka, transfer z\/na letisko, 4x ubytovanie, 1 x obed\/ve\u010dera, celodenn\u00fd v\u00fdlet do Barcelony, prech\u00e1dzka po Tosse)<\/strong><\/span>, \u010dierne ceny nie s\u00fa v cene z\u00e1jazdu.Stru\u010dn\u00e9 inform\u00e1cie o meste Tossa de Mar:<br \/>\nTossa de Mar je malebn\u00e9 mal\u00e9 meste\u010dko na Katal\u00e1nskom pobre\u017e\u00ed, cca 100 km severne od Barcelony (kedysi ryb\u00e1rska dedinka). Star\u00e9 mesto (Vila Vella) m\u00e1 n\u00e1dhern\u00fa pevnos\u0165, ktor\u00e1 bola postaven\u00e1 v 12. storo\u010d\u00ed a je symbolom tohto unik\u00e1tneho miesta. Meste\u010dko m\u00e1 tri pl\u00e1\u017ee: Codolar, Platja Gran a Mar Menuda. Zn\u00e1my maliar, Marc Chagall pomenoval mesto ako \u201eModr\u00fd raj\u201c. Tossa sa presl\u00e1vilo v 50-tych rokoch, v\u010faka americk\u00e9mu filmu \u201ePandora and the flying Dutchman\u201c, ktor\u00fd bol nato\u010den\u00fd pr\u00e1ve tu.<\/li>\n<li>KDE SA M\u00d4\u017dETE INFORMOVA\u0164 O T\u00c1BORE?<br \/>\nOsobne, p\u00edsomne alebo telefonicky v na\u0161ej jazykovej \u0161kole v PRO AMERICANA na Ulici gener\u00e1la Klapku \u010d. 61 v Kom\u00e1rne.<br \/>\nInform\u00e1cie:0903 202 518<br \/>\n<a href=\"mailto:proamericana@proamericana.sk\">proamericana@proamericana.sk<\/a><br \/>\nfacebook.com\/proamericana<\/li>\n<li><\/li>\n<li><\/li>\n<\/ul>\n<p>[\/et_pb_text][et_pb_divider color=&#8221;#ffffff&#8221; height=&#8221;50px&#8221; divider_style=&#8221;solid&#8221; divider_position=&#8221;top&#8221; divider_weight=&#8221;1px&#8221; hide_on_mobile=&#8221;on&#8221; admin_label=&#8221;Elv\u00e1laszt\u00f3&#8221; disabled=&#8221;off&#8221;] [\/et_pb_divider][et_pb_gallery gallery_ids=&#8221;2872,2871,2870,2869,2868,2867,2866,2865,2864,2863&#8243; fullwidth=&#8221;off&#8221; posts_number=&#8221;4&#8243; show_title_and_caption=&#8221;on&#8221; show_pagination=&#8221;on&#8221; background_layout=&#8221;light&#8221; auto=&#8221;off&#8221; auto_speed=&#8221;7000&#8243; caption_all_caps=&#8221;off&#8221; use_border_color=&#8221;off&#8221; border_color=&#8221;#ffffff&#8221; border_width=&#8221;1px&#8221; border_style=&#8221;solid&#8221; disabled=&#8221;off&#8221;][\/et_pb_gallery][et_pb_divider color=&#8221;#ffffff&#8221; height=&#8221;50px&#8221; divider_style=&#8221;solid&#8221; divider_position=&#8221;top&#8221; divider_weight=&#8221;1px&#8221; hide_on_mobile=&#8221;on&#8221; admin_label=&#8221;Elv\u00e1laszt\u00f3&#8221; disabled=&#8221;off&#8221;] [\/et_pb_divider][\/et_pb_column][\/et_pb_row][\/et_pb_section][et_pb_section transparent_background=&#8221;off&#8221; background_color=&#8221;#ebebeb&#8221; allow_player_pause=&#8221;off&#8221; inner_shadow=&#8221;off&#8221; parallax=&#8221;off&#8221; parallax_method=&#8221;off&#8221; custom_padding=&#8221;0px||0px|&#8221; padding_mobile=&#8221;off&#8221; make_fullwidth=&#8221;off&#8221; use_custom_width=&#8221;off&#8221; width_unit=&#8221;on&#8221; custom_width_px=&#8221;1080px&#8221; custom_width_percent=&#8221;80%&#8221; make_equal=&#8221;off&#8221; use_custom_gutter=&#8221;off&#8221; fullwidth=&#8221;off&#8221; specialty=&#8221;off&#8221; admin_label=&#8221;Szakasz&#8221; disabled=&#8221;off&#8221;][et_pb_row make_fullwidth=&#8221;off&#8221; use_custom_width=&#8221;off&#8221; width_unit=&#8221;on&#8221; custom_width_px=&#8221;1080px&#8221; custom_width_percent=&#8221;80%&#8221; use_custom_gutter=&#8221;off&#8221; gutter_width=&#8221;3&#8243; custom_padding=&#8221;0px||0px|&#8221; padding_mobile=&#8221;off&#8221; custom_margin=&#8221;0px||0px|&#8221; background_color=&#8221;#ebebeb&#8221; allow_player_pause=&#8221;off&#8221; parallax=&#8221;off&#8221; parallax_method=&#8221;off&#8221; make_equal=&#8221;off&#8221; column_padding_mobile=&#8221;on&#8221; parallax_1=&#8221;off&#8221; parallax_method_1=&#8221;off&#8221; parallax_2=&#8221;off&#8221; parallax_method_2=&#8221;on&#8221; parallax_3=&#8221;off&#8221; parallax_method_3=&#8221;on&#8221; parallax_4=&#8221;off&#8221; parallax_method_4=&#8221;on&#8221; admin_label=&#8221;Sor&#8221; disabled=&#8221;off&#8221;][et_pb_column type=&#8221;4_4&#8243; disabled=&#8221;off&#8221; parallax=&#8221;off&#8221; parallax_method=&#8221;off&#8221; column_padding_mobile=&#8221;on&#8221;][et_pb_image src=&#8221;http:\/\/proamericana.sk\/wp-content\/uploads\/2016\/12\/hr-1.png&#8221; show_in_lightbox=&#8221;off&#8221; url_new_window=&#8221;off&#8221; use_overlay=&#8221;off&#8221; animation=&#8221;fade_in&#8221; sticky=&#8221;on&#8221; align=&#8221;center&#8221; force_fullwidth=&#8221;off&#8221; always_center_on_mobile=&#8221;on&#8221; admin_label=&#8221;K\u00e9p&#8221; use_border_color=&#8221;off&#8221; border_color=&#8221;#ffffff&#8221; border_width=&#8221;1px&#8221; border_style=&#8221;solid&#8221; disabled=&#8221;off&#8221;] [\/et_pb_image][et_pb_divider color=&#8221;#ffffff&#8221; height=&#8221;50px&#8221; divider_style=&#8221;solid&#8221; divider_position=&#8221;top&#8221; divider_weight=&#8221;1px&#8221; hide_on_mobile=&#8221;on&#8221; admin_label=&#8221;Elv\u00e1laszt\u00f3&#8221; disabled=&#8221;off&#8221;] [\/et_pb_divider][\/et_pb_column][\/et_pb_row][\/et_pb_section]<\/p>\n","protected":false},"excerpt":{"rendered":"<p>[et_pb_section transparent_background=&#8221;off&#8221; allow_player_pause=&#8221;off&#8221; inner_shadow=&#8221;off&#8221; parallax=&#8221;off&#8221; parallax_method=&#8221;off&#8221; custom_padding_tablet=&#8221;0px||0px|&#8221; padding_mobile=&#8221;off&#8221; make_fullwidth=&#8221;off&#8221; use_custom_width=&#8221;off&#8221; width_unit=&#8221;on&#8221; custom_width_px=&#8221;1080px&#8221; custom_width_percent=&#8221;80%&#8221; make_equal=&#8221;off&#8221; use_custom_gutter=&#8221;off&#8221; fullwidth=&#8221;on&#8221; specialty=&#8221;off&#8221; admin_label=&#8221;Szakasz&#8221; custom_padding_last_edited=&#8221;on|tablet&#8221; disabled=&#8221;off&#8221;][et_pb_fullwidth_header title=&#8221;ismeretterjest\u0151 \u00dat&#8221; subhead=&#8221;BARCELONA\/TOSSA DE MAR&#8221; background_layout=&#8221;dark&#8221; text_orientation=&#8221;center&#8221; header_fullscreen=&#8221;off&#8221; header_scroll_down=&#8221;off&#8221; scroll_down_icon=&#8221;%%8%%&#8221; background_url=&#8221;http:\/\/proamericana.sk\/wp-content\/uploads\/2016\/12\/bck1-pattern.png&#8221; parallax=&#8221;off&#8221; parallax_method=&#8221;off&#8221; content_orientation=&#8221;center&#8221; image_orientation=&#8221;center&#8221; admin_label=&#8221;Teljes sz\u00e9less\u00e9g\u0171 fejl\u00e9c&#8221; title_font=&#8221;Raleway|on||on|&#8221; title_font_size=&#8221;72px&#8221; title_font_size_tablet=&#8221;54px&#8221; title_font_size_phone=&#8221;32px&#8221; title_font_size_last_edited=&#8221;on|phone&#8221; subhead_font=&#8221;Raleway||||&#8221; subhead_font_size=&#8221;70px&#8221; subhead_font_size_tablet=&#8221;25px&#8221; subhead_font_size_phone=&#8221;16px&#8221; subhead_font_size_last_edited=&#8221;on|tablet&#8221; content_font_size=&#8221;14px&#8221; custom_button_one=&#8221;off&#8221; button_one_text_size=&#8221;20&#8243; button_one_letter_spacing=&#8221;0&#8243; button_one_use_icon=&#8221;default&#8221; button_one_icon_placement=&#8221;right&#8221; button_one_on_hover=&#8221;on&#8221; [&hellip;]<\/p>\n","protected":false},"author":9,"featured_media":0,"parent":0,"menu_order":0,"comment_status":"closed","ping_status":"closed","template":"","meta":{"footnotes":""},"class_list":["post-3138","page","type-page","status-publish","hentry"],"_links":{"self":[{"href":"https:\/\/www.proamericana.sk\/hu\/wp-json\/wp\/v2\/pages\/3138","targetHints":{"allow":["GET"]}}],"collection":[{"href":"https:\/\/www.proamericana.sk\/hu\/wp-json\/wp\/v2\/pages"}],"about":[{"href":"https:\/\/www.proamericana.sk\/hu\/wp-json\/wp\/v2\/types\/page"}],"author":[{"embeddable":true,"href":"https:\/\/www.proamericana.sk\/hu\/wp-json\/wp\/v2\/users\/9"}],"replies":[{"embeddable":true,"href":"https:\/\/www.proamericana.sk\/hu\/wp-json\/wp\/v2\/comments?post=3138"}],"version-history":[{"count":0,"href":"https:\/\/www.proamericana.sk\/hu\/wp-json\/wp\/v2\/pages\/3138\/revisions"}],"wp:attachment":[{"href":"https:\/\/www.proamericana.sk\/hu\/wp-json\/wp\/v2\/media?parent=3138"}],"curies":[{"name":"wp","href":"https:\/\/api.w.org\/{rel}","templated":true}]}}