{"id":190,"date":"2016-12-13T15:00:21","date_gmt":"2016-12-13T15:00:21","guid":{"rendered":"http:\/\/proamericana.sk\/?page_id=190"},"modified":"2023-08-30T07:42:46","modified_gmt":"2023-08-30T07:42:46","slug":"nyelvtanfolyamok","status":"publish","type":"page","link":"https:\/\/www.proamericana.sk\/hu\/nyelvtanfolyamok\/","title":{"rendered":"NYELVTANFOLYAMOK"},"content":{"rendered":"<p>[et_pb_section transparent_background=&#8221;off&#8221; allow_player_pause=&#8221;off&#8221; inner_shadow=&#8221;off&#8221; parallax=&#8221;off&#8221; parallax_method=&#8221;off&#8221; custom_padding_tablet=&#8221;0px||0px|&#8221; padding_mobile=&#8221;off&#8221; make_fullwidth=&#8221;off&#8221; use_custom_width=&#8221;off&#8221; width_unit=&#8221;on&#8221; custom_width_px=&#8221;1080px&#8221; custom_width_percent=&#8221;80%&#8221; make_equal=&#8221;off&#8221; use_custom_gutter=&#8221;off&#8221; fullwidth=&#8221;on&#8221; specialty=&#8221;off&#8221; admin_label=&#8221;Szakasz&#8221; custom_padding_last_edited=&#8221;on|tablet&#8221; disabled=&#8221;off&#8221;][et_pb_fullwidth_header title=&#8221;NYELVTANFOLYAMOK&#8221; subhead=&#8221;az ifj\u00fas\u00e1g \u00e9s a feln\u0151ttek r\u00e9sz\u00e9re Kom\u00e1romban&#8221; background_layout=&#8221;dark&#8221; text_orientation=&#8221;center&#8221; header_fullscreen=&#8221;off&#8221; header_scroll_down=&#8221;off&#8221; scroll_down_icon=&#8221;%%8%%&#8221; background_url=&#8221;http:\/\/proamericana.sk\/wp-content\/uploads\/2016\/12\/bck1-pattern.png&#8221; parallax=&#8221;off&#8221; parallax_method=&#8221;off&#8221; content_orientation=&#8221;center&#8221; image_orientation=&#8221;center&#8221; admin_label=&#8221;Teljes sz\u00e9less\u00e9g\u0171 fejl\u00e9c&#8221; title_font=&#8221;Raleway|on||on|&#8221; title_font_size=&#8221;72px&#8221; title_font_size_tablet=&#8221;54px&#8221; title_font_size_phone=&#8221;32px&#8221; title_font_size_last_edited=&#8221;on|phone&#8221; subhead_font=&#8221;Raleway||||&#8221; subhead_font_size=&#8221;70px&#8221; subhead_font_size_tablet=&#8221;25px&#8221; subhead_font_size_phone=&#8221;16px&#8221; subhead_font_size_last_edited=&#8221;on|tablet&#8221; content_font_size=&#8221;14px&#8221; custom_button_one=&#8221;off&#8221; button_one_text_size=&#8221;20&#8243; button_one_letter_spacing=&#8221;0&#8243; button_one_use_icon=&#8221;default&#8221; button_one_icon_placement=&#8221;right&#8221; button_one_on_hover=&#8221;on&#8221; button_one_letter_spacing_hover=&#8221;0&#8243; custom_button_two=&#8221;off&#8221; button_two_text_size=&#8221;20&#8243; button_two_letter_spacing=&#8221;0&#8243; button_two_use_icon=&#8221;default&#8221; button_two_icon_placement=&#8221;right&#8221; button_two_on_hover=&#8221;on&#8221; button_two_letter_spacing_hover=&#8221;0&#8243; custom_css_main_element=&#8221;background-size: 50%;||background-repeat: repeat;&#8221; custom_css_title=&#8221;font-weight: 900;||margin-top: 70px;||margin-bottom: 30px;&#8221; custom_css_subtitle=&#8221;line-height: 70px;||font-weight: 300;||margin-bottom: 50px;&#8221; disabled=&#8221;off&#8221;]<\/p>\n<p>[\/et_pb_fullwidth_header][\/et_pb_section][et_pb_section transparent_background=&#8221;off&#8221; background_color=&#8221;#ebebeb&#8221; allow_player_pause=&#8221;off&#8221; inner_shadow=&#8221;off&#8221; parallax=&#8221;off&#8221; parallax_method=&#8221;off&#8221; custom_padding=&#8221;0px|||&#8221; padding_mobile=&#8221;off&#8221; make_fullwidth=&#8221;off&#8221; use_custom_width=&#8221;off&#8221; width_unit=&#8221;on&#8221; custom_width_px=&#8221;1080px&#8221; custom_width_percent=&#8221;80%&#8221; make_equal=&#8221;off&#8221; use_custom_gutter=&#8221;off&#8221; fullwidth=&#8221;off&#8221; specialty=&#8221;off&#8221; admin_label=&#8221;Szakasz&#8221; module_class=&#8221;m22_content&#8221; disabled=&#8221;off&#8221;][et_pb_row make_fullwidth=&#8221;off&#8221; use_custom_width=&#8221;off&#8221; width_unit=&#8221;off&#8221; custom_width_px=&#8221;1080px&#8221; custom_width_percent=&#8221;80%&#8221; use_custom_gutter=&#8221;off&#8221; gutter_width=&#8221;3&#8243; custom_padding=&#8221;||5vh|&#8221; padding_mobile=&#8221;off&#8221; background_color=&#8221;#ffffff&#8221; allow_player_pause=&#8221;off&#8221; parallax=&#8221;off&#8221; parallax_method=&#8221;off&#8221; make_equal=&#8221;off&#8221; column_padding_mobile=&#8221;on&#8221; parallax_1=&#8221;off&#8221; parallax_method_1=&#8221;off&#8221; parallax_2=&#8221;off&#8221; parallax_method_2=&#8221;on&#8221; parallax_3=&#8221;off&#8221; parallax_method_3=&#8221;on&#8221; parallax_4=&#8221;off&#8221; parallax_method_4=&#8221;on&#8221; admin_label=&#8221;Sor&#8221; disabled=&#8221;off&#8221;][et_pb_column type=&#8221;4_4&#8243; disabled=&#8221;off&#8221; parallax=&#8221;off&#8221; parallax_method=&#8221;off&#8221; column_padding_mobile=&#8221;on&#8221;][et_pb_image src=&#8221;http:\/\/proamericana.sk\/wp-content\/uploads\/2017\/01\/down2.png&#8221; show_in_lightbox=&#8221;off&#8221; url=&#8221;#top22&#8243; url_new_window=&#8221;off&#8221; use_overlay=&#8221;off&#8221; animation=&#8221;fade_in&#8221; sticky=&#8221;off&#8221; align=&#8221;center&#8221; force_fullwidth=&#8221;off&#8221; always_center_on_mobile=&#8221;on&#8221; admin_label=&#8221;K\u00e9p&#8221; use_border_color=&#8221;off&#8221; border_color=&#8221;#ffffff&#8221; border_width=&#8221;1px&#8221; border_style=&#8221;solid&#8221; custom_margin=&#8221;-40px|||&#8221; custom_margin_last_edited=&#8221;on|desktop&#8221; disabled=&#8221;off&#8221; saved_tabs=&#8221;all&#8221;]<\/p>\n<p>[\/et_pb_image][et_pb_divider color=&#8221;#ffffff&#8221; height=&#8221;100px&#8221; divider_style=&#8221;solid&#8221; divider_position=&#8221;top&#8221; divider_weight=&#8221;1px&#8221; hide_on_mobile=&#8221;on&#8221; admin_label=&#8221;Elv\u00e1laszt\u00f3&#8221; disabled=&#8221;off&#8221;]<\/p>\n<p>[\/et_pb_divider][et_pb_text background_layout=&#8221;light&#8221; text_orientation=&#8221;justified&#8221; admin_label=&#8221;Sz\u00f6veg&#8221; module_id=&#8221;top22&#8243; header_font=&#8221;Raleway|on||on|&#8221; header_font_size=&#8221;22px&#8221; header_text_color=&#8221;#9eb357&#8243; text_font_size=&#8221;16px&#8221; use_border_color=&#8221;off&#8221; border_style=&#8221;solid&#8221; disabled=&#8221;off&#8221;]<\/p>\n<p><strong>Az angol \u00e9s n\u00e9met nyelv\u0171 tanfolyam a nyelviskola tanterm\u00e9ben, Klapka t\u00e1bornok utc\u00e1n a 61-es h\u00e1zsz\u00e1m alatt val\u00f3sul meg. A tanfolyamok szeptember elej\u00e9n kezd\u0151dnek \u00e9s a k\u00f6vetkez\u0151 \u00e9v j\u00faniusi h\u00f3napj\u00e1nak v\u00e9g\u00e9vel fejez\u0151dnek be. A tanfolyamokra val\u00f3 jelentkez\u00e9s a tan\u00e9v eg\u00e9sz ideje alatt lehets\u00e9ges. Az oktat\u00e1s 1-6 f\u0151s csoportokban t\u00f6rt\u00e9nik. A tanfolyam \u00e1ra a hallgat\u00f3k sz\u00e1m\u00e1t\u00f3l f\u00fcgg. <\/strong><\/p>\n<h3 style=\"text-align: center;line-height: 1.5;margin-bottom: 0\">ANGOL, N\u00c9MET, SPANYOL \u00c9S SZLOV\u00c1K NYELVTANFOLYAM \u00c1RAI<\/h3>\n<p>[\/et_pb_text][\/et_pb_column][\/et_pb_row][et_pb_row make_fullwidth=&#8221;off&#8221; use_custom_width=&#8221;off&#8221; width_unit=&#8221;on&#8221; custom_width_px=&#8221;1080px&#8221; custom_width_percent=&#8221;80%&#8221; use_custom_gutter=&#8221;off&#8221; gutter_width=&#8221;3&#8243; padding_mobile=&#8221;off&#8221; allow_player_pause=&#8221;off&#8221; parallax=&#8221;off&#8221; parallax_method=&#8221;off&#8221; make_equal=&#8221;off&#8221; column_padding_mobile=&#8221;on&#8221; background_color_1=&#8221;#9eb357&#8243; padding_top_1=&#8221;5%&#8221; padding_right_1=&#8221;5%&#8221; padding_bottom_1=&#8221;5%&#8221; padding_left_1=&#8221;5%&#8221; parallax_1=&#8221;off&#8221; parallax_method_1=&#8221;off&#8221; parallax_2=&#8221;off&#8221; parallax_method_2=&#8221;on&#8221; parallax_3=&#8221;off&#8221; parallax_method_3=&#8221;on&#8221; parallax_4=&#8221;off&#8221; parallax_method_4=&#8221;on&#8221; admin_label=&#8221;Sor&#8221; disabled=&#8221;off&#8221;][et_pb_column type=&#8221;4_4&#8243; disabled=&#8221;off&#8221; background_color=&#8221;#9eb357&#8243; padding_bottom=&#8221;5%&#8221; padding_left=&#8221;5%&#8221; padding_right=&#8221;5%&#8221; padding_top=&#8221;5%&#8221; parallax=&#8221;off&#8221; parallax_method=&#8221;off&#8221; column_padding_mobile=&#8221;on&#8221;][et_pb_text background_layout=&#8221;light&#8221; text_orientation=&#8221;left&#8221; admin_label=&#8221;Sz\u00f6veg&#8221; use_border_color=&#8221;off&#8221; border_style=&#8221;solid&#8221; disabled=&#8221;off&#8221;]<\/p>\n<table class=\"res-table\" style=\"margin: 0 auto\">\n<thead>\n<tr>\n<td><strong>L&Eacute;TSZ&Aacute;M<\/strong><\/td>\n<td><strong>90 perc TAN&Oacute;RA<\/strong><\/td>\n<td><strong>60 perc TAN&Oacute;RA<\/strong><\/td>\n<td><strong>45 perc TAN&Oacute;RA<\/strong><\/td>\n<\/tr>\n<\/thead>\n<tbody>\n<tr>\n<td>4 tanul&oacute;<\/td>\n<td>10,00 &euro;<\/td>\n<td>8,00 &euro;<\/td>\n<td>6,00 &euro;<\/td>\n<\/tr>\n<tr>\n<td>3 tanul&oacute;<\/td>\n<td>12,00 &euro;<\/td>\n<td>10,00 &euro;<\/td>\n<td>8,00 &euro;<\/td>\n<\/tr>\n<tr>\n<td>2 tanul&oacute;<\/td>\n<td>16,00 &euro;<\/td>\n<td>12,00 &euro;<\/td>\n<td>10,00 &euro;<\/td>\n<\/tr>\n<tr>\n<td>1 tanul&oacute;<\/td>\n<td>26,00 &euro;<\/td>\n<td>18,00 &euro;<\/td>\n<td>14,00 &euro;<\/td>\n<\/tr>\n<tr>\n<td colspan=\"5\">KEDVEZM&Eacute;NY heti 2 alkalomn&aacute;l!<\/td>\n<\/tr>\n<tr>\n<td>1 tanul&oacute;<\/td>\n<td>22,00 &euro;<\/td>\n<td>16,00 &euro;<\/td>\n<td>12,00 &euro;<\/td>\n<\/tr>\n<\/tbody>\n<\/table>\n<p>[\/et_pb_text][et_pb_text background_layout=&#8221;dark&#8221; text_orientation=&#8221;justified&#8221; admin_label=&#8221;Sz\u00f6veg&#8221; use_border_color=&#8221;off&#8221; border_style=&#8221;solid&#8221; custom_padding=&#8221;0px|10px|10px|10px&#8221; disabled=&#8221;off&#8221;]<\/p>\n<p><em>A felaj\u00e1nlott \u00e1rkedvezm\u00e9ny aktu\u00e1lis abban az esetben, ha a di\u00e1k min. 6 \u00f3r\u00e1n r\u00e9szt vett az adott h\u00f3napban.<\/em><br \/> <em>A tanfolyam \u00e1r\u00e1t mindig az aktu\u00e1lis h\u00f3 elej\u00e9n kell kifizetni. Amennyiben a tanul\u00f3 igazoltan hi\u00e1nyzik (a sz\u00fcl\u0151 \u00edr\u00e1sos enged\u00e9ly\u00e9vel), az elmaradt \u00f3r\u00e1t p\u00f3tolhatja. Az elmaradt \u00f3r\u00e1t egy h\u00e9ten bel\u00fcl lehet bep\u00f3tolni (20 perc\/f\u0151). A hi\u00e1nyz\u00e1sr\u00f3l a sz\u00fcl\u0151 k\u00f6teles inform\u00e1lni a tan\u00e1rt, legal\u00e1bb 24 \u00f3r\u00e1val a lecke megkezd\u00e9se el\u0151tt. Ellenkez\u0151 esetben nem t\u00e9r\u00edtj\u00fck vissza a tand\u00edjat!\u00a0<\/em><\/p>\n<p>[\/et_pb_text][\/et_pb_column][\/et_pb_row][et_pb_row make_fullwidth=&#8221;off&#8221; use_custom_width=&#8221;off&#8221; width_unit=&#8221;off&#8221; custom_width_px=&#8221;1080px&#8221; custom_width_percent=&#8221;80%&#8221; use_custom_gutter=&#8221;off&#8221; gutter_width=&#8221;3&#8243; padding_mobile=&#8221;off&#8221; allow_player_pause=&#8221;off&#8221; parallax=&#8221;off&#8221; parallax_method=&#8221;on&#8221; make_equal=&#8221;off&#8221; column_padding_mobile=&#8221;on&#8221; parallax_1=&#8221;off&#8221; parallax_method_1=&#8221;on&#8221; parallax_2=&#8221;off&#8221; parallax_method_2=&#8221;on&#8221; parallax_3=&#8221;off&#8221; parallax_method_3=&#8221;on&#8221; parallax_4=&#8221;off&#8221; parallax_method_4=&#8221;on&#8221; admin_label=&#8221;Sor&#8221; disabled=&#8221;off&#8221;][et_pb_column type=&#8221;4_4&#8243; disabled=&#8221;off&#8221; parallax=&#8221;off&#8221; parallax_method=&#8221;on&#8221; column_padding_mobile=&#8221;on&#8221;][et_pb_divider color=&#8221;#ffffff&#8221; height=&#8221;50px&#8221; divider_style=&#8221;solid&#8221; divider_position=&#8221;top&#8221; divider_weight=&#8221;1px&#8221; hide_on_mobile=&#8221;on&#8221; admin_label=&#8221;Elv\u00e1laszt\u00f3&#8221; disabled=&#8221;off&#8221;]<\/p>\n<p>[\/et_pb_divider][et_pb_text background_layout=&#8221;light&#8221; text_orientation=&#8221;justified&#8221; admin_label=&#8221;Sz\u00f6veg&#8221; text_font_size=&#8221;16&#8243; text_text_color=&#8221;#2e2d2d&#8221; use_border_color=&#8221;off&#8221; border_style=&#8221;solid&#8221; disabled=&#8221;off&#8221;]<\/p>\n<ul>\n<li>A 6 \u2013 10 \u00e9ves kor\u00fa gyermekek 2 x hetente 60 percet vesznek r\u00e9szt a tanfolyamon, CHATTERBOX tank\u00f6nyv, CD oktat\u00f3 programok, hangszalagok seg\u00edts\u00e9g\u00e9vel a tan\u00e9v eg\u00e9sz ideje alatt. A ny\u00e1ri sz\u00fcnetben ny\u00e1ri t\u00e1bort szervez\u00fcnk r\u00e9sz\u00fckre.<\/li>\n<li>A feln\u0151ttek r\u00e9sz\u00e9re angol \u00e9s n\u00e9met tanfolyamot szervez\u00fcnk eg\u00e9sz \u00e9vben, a tanfolyamokra b\u00e1rmikor belehet iratkozni.Az angol nyelvet a HEADWAY tank\u00f6nyb\u0151l tan\u00edtjuk, a n\u00e9met nyelvet THEMEN tank\u00f6nyb\u0151l tan\u00edtjuk. A tank\u00f6nyvekhez munkaf\u00fczetek \u00e9s CD oktat\u00f3 programok tartoznak.A feln\u0151ttek nagy r\u00e9sze 1 x hetente 90 percet tanul, de k\u00edn\u00e1lunk intenz\u00edv nyelkurzusokat a tanul\u00f3k k\u00e9r\u00e9s\u00e9re.<\/li>\n<li>Nyelvtanfolyamokat c\u00e9gek r\u00e9sz\u00e9re az illet\u0151 c\u00e9g \u00e1ltal kijel\u00f6lt helyen val\u00f3s\u00edtjuk meg oly m\u00f3don, hogy a lektorok a helysz\u00ednre mennek. Az elm\u00falt id\u0151szakban a k\u00f6vetkez\u0151 c\u00e9gekn\u00e9l szervezt\u00fcnk nyelvtanfolyamokat: SLOVENSK\u00c9 LODENICE, HEINEKEN SLOVENSKO, SPP-Slovensk\u00fd plyn\u00e1rensk\u00fd priemysel, RIEKER<\/li>\n<\/ul>\n<p>[\/et_pb_text][et_pb_button button_url=&#8221;\/hu\/firma\/&#8221; url_new_window=&#8221;off&#8221; button_text=&#8221;JELENTKEZEM&#8221; button_alignment=&#8221;center&#8221; background_layout=&#8221;dark&#8221; admin_label=&#8221;Gomb&#8221; custom_button=&#8221;on&#8221; button_text_size=&#8221;32&#8243; button_bg_color=&#8221;#9eb357&#8243; button_border_width=&#8221;0&#8243; button_border_radius=&#8221;50&#8243; button_letter_spacing=&#8221;0&#8243; button_font=&#8221;|on||on|&#8221; button_use_icon=&#8221;off&#8221; button_icon_placement=&#8221;right&#8221; button_on_hover=&#8221;off&#8221; button_letter_spacing_hover=&#8221;0&#8243; custom_css_main_element=&#8221;padding-left: 2em !important;||padding-top: 0.5em !important;||padding-bottom: 0.5em !important;||padding-right: 2em !important;||box-shadow: 0px 2px 0px 0px #a2873f;&#8221; disabled=&#8221;off&#8221;]<\/p>\n<p>[\/et_pb_button][et_pb_divider color=&#8221;#ffffff&#8221; height=&#8221;50px&#8221; divider_style=&#8221;solid&#8221; divider_position=&#8221;top&#8221; divider_weight=&#8221;1px&#8221; hide_on_mobile=&#8221;on&#8221; admin_label=&#8221;Elv\u00e1laszt\u00f3&#8221; disabled=&#8221;off&#8221;]<\/p>\n<p>[\/et_pb_divider][\/et_pb_column][\/et_pb_row][\/et_pb_section][et_pb_section transparent_background=&#8221;off&#8221; background_color=&#8221;#ebebeb&#8221; allow_player_pause=&#8221;off&#8221; inner_shadow=&#8221;off&#8221; parallax=&#8221;off&#8221; parallax_method=&#8221;off&#8221; custom_padding=&#8221;0px||0px|&#8221; padding_mobile=&#8221;off&#8221; make_fullwidth=&#8221;off&#8221; use_custom_width=&#8221;off&#8221; width_unit=&#8221;on&#8221; custom_width_px=&#8221;1080px&#8221; custom_width_percent=&#8221;80%&#8221; make_equal=&#8221;off&#8221; use_custom_gutter=&#8221;off&#8221; fullwidth=&#8221;off&#8221; specialty=&#8221;off&#8221; admin_label=&#8221;Szakasz&#8221; disabled=&#8221;off&#8221;][et_pb_row make_fullwidth=&#8221;off&#8221; use_custom_width=&#8221;off&#8221; width_unit=&#8221;on&#8221; custom_width_px=&#8221;1080px&#8221; custom_width_percent=&#8221;80%&#8221; use_custom_gutter=&#8221;off&#8221; gutter_width=&#8221;3&#8243; custom_padding=&#8221;0px||0px|&#8221; padding_mobile=&#8221;off&#8221; custom_margin=&#8221;0px||0px|&#8221; background_color=&#8221;#ebebeb&#8221; allow_player_pause=&#8221;off&#8221; parallax=&#8221;off&#8221; parallax_method=&#8221;off&#8221; make_equal=&#8221;off&#8221; column_padding_mobile=&#8221;on&#8221; parallax_1=&#8221;off&#8221; parallax_method_1=&#8221;off&#8221; parallax_2=&#8221;off&#8221; parallax_method_2=&#8221;on&#8221; parallax_3=&#8221;off&#8221; parallax_method_3=&#8221;on&#8221; parallax_4=&#8221;off&#8221; parallax_method_4=&#8221;on&#8221; admin_label=&#8221;Sor&#8221; disabled=&#8221;off&#8221;][et_pb_column type=&#8221;4_4&#8243; disabled=&#8221;off&#8221; parallax=&#8221;off&#8221; parallax_method=&#8221;off&#8221; column_padding_mobile=&#8221;on&#8221;][et_pb_image src=&#8221;http:\/\/proamericana.sk\/wp-content\/uploads\/2016\/12\/hr-1.png&#8221; show_in_lightbox=&#8221;off&#8221; url_new_window=&#8221;off&#8221; use_overlay=&#8221;off&#8221; animation=&#8221;fade_in&#8221; sticky=&#8221;on&#8221; align=&#8221;center&#8221; force_fullwidth=&#8221;off&#8221; always_center_on_mobile=&#8221;on&#8221; admin_label=&#8221;K\u00e9p&#8221; use_border_color=&#8221;off&#8221; border_color=&#8221;#ffffff&#8221; border_width=&#8221;1px&#8221; border_style=&#8221;solid&#8221; disabled=&#8221;off&#8221;]<\/p>\n<p>[\/et_pb_image][et_pb_divider color=&#8221;#ffffff&#8221; height=&#8221;50px&#8221; divider_style=&#8221;solid&#8221; divider_position=&#8221;top&#8221; divider_weight=&#8221;1px&#8221; hide_on_mobile=&#8221;on&#8221; admin_label=&#8221;Elv\u00e1laszt\u00f3&#8221; disabled=&#8221;off&#8221;]<\/p>\n<p>[\/et_pb_divider][\/et_pb_column][\/et_pb_row][\/et_pb_section]<\/p>\n","protected":false},"excerpt":{"rendered":"<p>[et_pb_section transparent_background=&#8221;off&#8221; allow_player_pause=&#8221;off&#8221; inner_shadow=&#8221;off&#8221; parallax=&#8221;off&#8221; parallax_method=&#8221;off&#8221; custom_padding_tablet=&#8221;0px||0px|&#8221; padding_mobile=&#8221;off&#8221; make_fullwidth=&#8221;off&#8221; use_custom_width=&#8221;off&#8221; width_unit=&#8221;on&#8221; custom_width_px=&#8221;1080px&#8221; custom_width_percent=&#8221;80%&#8221; make_equal=&#8221;off&#8221; use_custom_gutter=&#8221;off&#8221; fullwidth=&#8221;on&#8221; specialty=&#8221;off&#8221; admin_label=&#8221;Szakasz&#8221; custom_padding_last_edited=&#8221;on|tablet&#8221; disabled=&#8221;off&#8221;][et_pb_fullwidth_header title=&#8221;NYELVTANFOLYAMOK&#8221; subhead=&#8221;az ifj\u00fas\u00e1g \u00e9s a feln\u0151ttek r\u00e9sz\u00e9re Kom\u00e1romban&#8221; background_layout=&#8221;dark&#8221; text_orientation=&#8221;center&#8221; header_fullscreen=&#8221;off&#8221; header_scroll_down=&#8221;off&#8221; scroll_down_icon=&#8221;%%8%%&#8221; background_url=&#8221;http:\/\/proamericana.sk\/wp-content\/uploads\/2016\/12\/bck1-pattern.png&#8221; parallax=&#8221;off&#8221; parallax_method=&#8221;off&#8221; content_orientation=&#8221;center&#8221; image_orientation=&#8221;center&#8221; admin_label=&#8221;Teljes sz\u00e9less\u00e9g\u0171 fejl\u00e9c&#8221; title_font=&#8221;Raleway|on||on|&#8221; title_font_size=&#8221;72px&#8221; title_font_size_tablet=&#8221;54px&#8221; title_font_size_phone=&#8221;32px&#8221; title_font_size_last_edited=&#8221;on|phone&#8221; subhead_font=&#8221;Raleway||||&#8221; subhead_font_size=&#8221;70px&#8221; subhead_font_size_tablet=&#8221;25px&#8221; subhead_font_size_phone=&#8221;16px&#8221; subhead_font_size_last_edited=&#8221;on|tablet&#8221; content_font_size=&#8221;14px&#8221; custom_button_one=&#8221;off&#8221; button_one_text_size=&#8221;20&#8243; button_one_letter_spacing=&#8221;0&#8243; [&hellip;]<\/p>\n","protected":false},"author":1,"featured_media":0,"parent":0,"menu_order":0,"comment_status":"closed","ping_status":"closed","template":"","meta":{"footnotes":""},"class_list":["post-190","page","type-page","status-publish","hentry"],"_links":{"self":[{"href":"https:\/\/www.proamericana.sk\/hu\/wp-json\/wp\/v2\/pages\/190","targetHints":{"allow":["GET"]}}],"collection":[{"href":"https:\/\/www.proamericana.sk\/hu\/wp-json\/wp\/v2\/pages"}],"about":[{"href":"https:\/\/www.proamericana.sk\/hu\/wp-json\/wp\/v2\/types\/page"}],"author":[{"embeddable":true,"href":"https:\/\/www.proamericana.sk\/hu\/wp-json\/wp\/v2\/users\/1"}],"replies":[{"embeddable":true,"href":"https:\/\/www.proamericana.sk\/hu\/wp-json\/wp\/v2\/comments?post=190"}],"version-history":[{"count":0,"href":"https:\/\/www.proamericana.sk\/hu\/wp-json\/wp\/v2\/pages\/190\/revisions"}],"wp:attachment":[{"href":"https:\/\/www.proamericana.sk\/hu\/wp-json\/wp\/v2\/media?parent=190"}],"curies":[{"name":"wp","href":"https:\/\/api.w.org\/{rel}","templated":true}]}}