{"id":944,"date":"2017-01-19T15:21:13","date_gmt":"2017-01-19T15:21:13","guid":{"rendered":"http:\/\/proamericana.sk\/product\/skore-zaciatky-2-early-beginnings-2\/"},"modified":"2022-08-17T15:14:12","modified_gmt":"2022-08-17T15:14:12","slug":"skore-zaciatky-2-early-beginnings-2","status":"publish","type":"product","link":"https:\/\/www.proamericana.sk\/en\/produkt\/skore-zaciatky-2-early-beginnings-2\/","title":{"rendered":"Skor\u00e9 za\u010diatky 2 &#8211; EARLY BEGINNINGS 2"},"content":{"rendered":"<p>Pracovn\u00fd zo\u0161it je ur\u010den\u00fd pre deti od 5-8 rokov \u2013 pokro\u010dil\u00fdch, pre 7-8 ro\u010dn\u00fdch &#8211; za\u010diato\u010dn\u00edkov<\/p>\n<p>\u010co obsahuje pracovn\u00fd zo\u0161it:<br \/>\n&#8211; 52 ilustrovan\u00fdch str\u00e1n form\u00e1tu A4<br \/>\n&#8211; slovn\u00edk s v\u00fdslovnos\u0165ou pre rodi\u010dov<br \/>\n&#8211; obr\u00e1zky so slov\u00ed\u010dkami<br \/>\n&#8211; tematick\u00e9 \u010dasti (Vianoce, Ve\u013ek\u00e1 Noc, Pr\u00e1zdniny)<br \/>\n&#8211; aktivity, hry a vyma\u013eov\u00e1nky<br \/>\n&#8211; n\u00e1v\u00e4znos\u0165 na Skor\u00e9 za\u010diatky 1<\/p>\n<p>\u010co v\u0161etko sa nau\u010dia:<br \/>\n&#8211; asi 320 anglick\u00fdch slov<br \/>\n&#8211; stavbu viet<br \/>\n&#8211; 15 pesni\u010diek a riekaniek<br \/>\n&#8211; hry v anglickom jazyku<br \/>\n&#8211; rozv\u00edja\u0165 kognit\u00edvne myslenie<br \/>\n&#8211; tvorbu projektov<\/p>\n","protected":false},"excerpt":{"rendered":"<p>Pracovn\u00fd zo\u0161it je ur\u010den\u00fd pre deti od 5-8 rokov \u2013 pokro\u010dil\u00fdch, pre 7-8 ro\u010dn\u00fdch &#8211; za\u010diato\u010dn\u00edkov<\/p>\n","protected":false},"featured_media":945,"template":"","meta":[],"product_brand":[],"product_cat":[26],"product_tag":[27],"class_list":{"0":"post-944","1":"product","2":"type-product","3":"status-publish","4":"has-post-thumbnail","6":"product_cat-curriculum","7":"product_tag-skore-zaciatky-en","9":"first","10":"instock","11":"featured","12":"taxable","13":"shipping-taxable","14":"purchasable","15":"product-type-simple"},"_links":{"self":[{"href":"https:\/\/www.proamericana.sk\/en\/wp-json\/wp\/v2\/product\/944","targetHints":{"allow":["GET"]}}],"collection":[{"href":"https:\/\/www.proamericana.sk\/en\/wp-json\/wp\/v2\/product"}],"about":[{"href":"https:\/\/www.proamericana.sk\/en\/wp-json\/wp\/v2\/types\/product"}],"wp:featuredmedia":[{"embeddable":true,"href":"https:\/\/www.proamericana.sk\/en\/wp-json\/wp\/v2\/media\/945"}],"wp:attachment":[{"href":"https:\/\/www.proamericana.sk\/en\/wp-json\/wp\/v2\/media?parent=944"}],"wp:term":[{"taxonomy":"product_brand","embeddable":true,"href":"https:\/\/www.proamericana.sk\/en\/wp-json\/wp\/v2\/product_brand?post=944"},{"taxonomy":"product_cat","embeddable":true,"href":"https:\/\/www.proamericana.sk\/en\/wp-json\/wp\/v2\/product_cat?post=944"},{"taxonomy":"product_tag","embeddable":true,"href":"https:\/\/www.proamericana.sk\/en\/wp-json\/wp\/v2\/product_tag?post=944"}],"curies":[{"name":"wp","href":"https:\/\/api.w.org\/{rel}","templated":true}]}}