{"id":941,"date":"2017-02-01T14:50:45","date_gmt":"2017-02-01T14:50:45","guid":{"rendered":"http:\/\/proamericana.sk\/product\/skore-zaciatky-1-early-beginnings-1\/"},"modified":"2022-08-17T15:14:31","modified_gmt":"2022-08-17T15:14:31","slug":"skore-zaciatky-1-early-beginnings-1","status":"publish","type":"product","link":"https:\/\/www.proamericana.sk\/en\/produkt\/skore-zaciatky-1-early-beginnings-1\/","title":{"rendered":"Skor\u00e9 za\u010diatky 1 &#8211; EARLY BEGINNINGS 1"},"content":{"rendered":"<p>Pracovn\u00fd zo\u0161it je ur\u010den\u00fd pre deti od 4-7 rokov &#8211; za\u010diato\u010dn\u00edkov<\/p>\n<p>\u010co obsahuje pracovn\u00fd zo\u0161it:<br \/>\n&#8211; 56 ilustrovan\u00fdch str\u00e1n form\u00e1tu A4<br \/>\n&#8211; slovn\u00edk s v\u00fdslovnos\u0165ou pre rodi\u010dov<br \/>\n&#8211; tematick\u00e9 \u010dasti (Vianoce, De\u0148 Matiek)<br \/>\n&#8211; aktivity, hry a vyma\u013eov\u00e1nky<br \/>\n&#8211; pexeso<\/p>\n<p>\u010co v\u0161etko sa nau\u010dia:<br \/>\n&#8211; asi 180 anglick\u00fdch slov<br \/>\n&#8211; napo\u010d\u00edta\u0165 do 10<br \/>\n&#8211; 8-12 pesni\u010diek a riekaniek<br \/>\n&#8211; z\u00e1kladn\u00e9 pozdravy a fr\u00e1zy<br \/>\n&#8211; hry v anglickom jazyku<\/p>\n","protected":false},"excerpt":{"rendered":"<p>Pracovn\u00fd zo\u0161it je ur\u010den\u00fd pre deti od 4-7 rokov &#8211; za\u010diato\u010dn\u00edkov<\/p>\n","protected":false},"featured_media":942,"template":"","meta":[],"product_brand":[],"product_cat":[26],"product_tag":[27],"class_list":{"0":"post-941","1":"product","2":"type-product","3":"status-publish","4":"has-post-thumbnail","6":"product_cat-curriculum","7":"product_tag-skore-zaciatky-en","9":"first","10":"instock","11":"featured","12":"taxable","13":"shipping-taxable","14":"purchasable","15":"product-type-simple"},"_links":{"self":[{"href":"https:\/\/www.proamericana.sk\/en\/wp-json\/wp\/v2\/product\/941","targetHints":{"allow":["GET"]}}],"collection":[{"href":"https:\/\/www.proamericana.sk\/en\/wp-json\/wp\/v2\/product"}],"about":[{"href":"https:\/\/www.proamericana.sk\/en\/wp-json\/wp\/v2\/types\/product"}],"wp:featuredmedia":[{"embeddable":true,"href":"https:\/\/www.proamericana.sk\/en\/wp-json\/wp\/v2\/media\/942"}],"wp:attachment":[{"href":"https:\/\/www.proamericana.sk\/en\/wp-json\/wp\/v2\/media?parent=941"}],"wp:term":[{"taxonomy":"product_brand","embeddable":true,"href":"https:\/\/www.proamericana.sk\/en\/wp-json\/wp\/v2\/product_brand?post=941"},{"taxonomy":"product_cat","embeddable":true,"href":"https:\/\/www.proamericana.sk\/en\/wp-json\/wp\/v2\/product_cat?post=941"},{"taxonomy":"product_tag","embeddable":true,"href":"https:\/\/www.proamericana.sk\/en\/wp-json\/wp\/v2\/product_tag?post=941"}],"curies":[{"name":"wp","href":"https:\/\/api.w.org\/{rel}","templated":true}]}}