{"id":3135,"date":"2020-02-18T20:13:15","date_gmt":"2020-02-18T20:13:15","guid":{"rendered":"https:\/\/www.proamericana.sk\/zajazd\/"},"modified":"2020-04-23T06:20:15","modified_gmt":"2020-04-23T06:20:15","slug":"tour","status":"publish","type":"page","link":"https:\/\/www.proamericana.sk\/en\/tour\/","title":{"rendered":"Tour"},"content":{"rendered":"<p>[et_pb_section admin_label=&#8221;section&#8221;][et_pb_row admin_label=&#8221;row&#8221;][et_pb_column type=&#8221;4_4&#8243;][et_pb_text admin_label=&#8221;Text&#8221;]<\/p>\n<p>Pozn\u00e1vac\u00ed z\u00e1jazd Barcelona\/Tossa de Mar<\/p>\n<p>Organiz\u00e1tor: Cestovn\u00e1 agent\u00fara Mediart &amp;amp;Travel, Podz\u00e1hradn\u00e1 1A\/8, 945 04 Kom\u00e1rno<br \/>\nReferentka: Silvia Kov\u00e1cs<br \/>\nTrasa z\u00e1jazdu : Kom\u00e1rno \u2013 Budapest \u2013 Barcelona &#8211; Tossa de Mar a sp\u00e4\u0165<br \/>\nD\u00e1tum konania z\u00e1jazdu: 24.05.2020 \u2013 28.05.2020 (nede\u013ea-\u0161tvrtok, 5 dn\u00ed, 4 noci),<br \/>\nPl\u00e1novan\u00fd po\u010det \u00fa\u010dastn\u00edkov: bude upresnen\u00fd<br \/>\nDopravn\u00fd prostriedok: lietadlo \/Ryanair\/, preprava z\/na letisko autobusom<\/p>\n<p>Odlet tam: Budapest 06:00 \u2013 Barcelona 08:35<br \/>\nPr\u00edlet sp\u00e4\u0165: Barcelona 17:00\u2013 Budapest 19:40<br \/>\nRozsah poskytovan\u00fdch slu\u017eieb: 4x ubytovanie v 2 \u2013alebo 3 l\u00f4\u017ekov\u00fdch izb\u00e1ch<br \/>\nv Apartm\u00e1novom dome SOL v Tossa de Mar (kuchy\u0148a, k\u00fape\u013e\u0148a na izbe)<br \/>\n&#8211; celodenn\u00fd v\u00fdlet do Barcelony<br \/>\n&#8211; prech\u00e1dzka so sprievodcom po meste v Tossa de Mar \u201eTajomstv\u00e1 Tossy\u201c<br \/>\n&#8211; odborn\u00fd sprievodca<br \/>\n&#8211; 1x tradi\u010dn\u00fd \u0161panielsky obed alebo ve\u010dera &#8211; paella<br \/>\n&#8211; mo\u017enos\u0165 ra\u0148ajok &#8211; cca 3-7 \u20ac, obedy alebo ve\u010dera \u2013 cca 16 \u20ac\/osoba v susednom hoteli<br \/>\nProgram z\u00e1jazdu:<br \/>\n1. de\u0148: Kom\u00e1rno &#8211; Budapest \u2013 Barcelona \u2013 Tossa de Mar<br \/>\n2. de\u0148: pozn\u00e1vac\u00ed v\u00fdlet do Barcelony a Monserratu (svetozn\u00e1me p\u00fatnick\u00e9 miesto, kde sa<br \/>\nnach\u00e1dza \u010cierna Madona) so sprievodcom \u2013 celodenn\u00fd autobusov\u00fd z\u00e1jazd po<br \/>\npamiatk\u00e1ch v Barcelone (Sagrada Familia, La Rambla-zn\u00e1ma pe\u0161ia ulica, Mont Juic-<br \/>\nOlympijsk\u00fd \u0161tadi\u00f3n a vyhliadka), n\u00e1v\u0161teva Monserratu<br \/>\n3. de\u0148: \u201eTajomstv\u00e1 Tossy\u201c \u2013 autentick\u00e1 prech\u00e1dzka so sprievodcom po meste, tradi\u010dn\u00fd<br \/>\nobed alebo ve\u010dera \u201epaella\u201c<br \/>\n4. de\u0148: pe\u0161ia t\u00fara do malebn\u00e9ho z\u00e1livu Cala Llevado (cca 10 km, cena: 7 \u20ac\/osoba), alebo<br \/>\nv\u00fdlet lo\u010fou do Lloret de Mar (orienta\u010dn\u00e1 cena: 23 \u20ac), alebo v\u00fdlet lo\u010fkou do<br \/>\nmalebn\u00e9ho z\u00e1livu Cala Giverola (orienta\u010dn\u00e1 cena: 16 \u20ac)<br \/>\n5. de\u0148: Tossa de Mar \u2013 Barcelona \u2013 Budapest &#8211; Kom\u00e1rno<br \/>\nCena z\u00e1jazdu: 390 \u20ac (letenka, transfer z\/na letisko, 4x ubytovanie, 1 x obed\/ve\u010dera,<br \/>\ncelodenn\u00fd v\u00fdlet do Barcelony, prech\u00e1dzka po Tosse), \u010dierne ceny nie s\u00fa v cene z\u00e1jazdu<br \/>\nStru\u010dn\u00e9 inform\u00e1cie o meste Tossa de Mar:<br \/>\nTossa de Mar je malebn\u00e9 mal\u00e9 meste\u010dko na Katal\u00e1nskom pobre\u017e\u00ed, cca 100 km severne od<br \/>\nBarcelony (kedysi ryb\u00e1rska dedinka). Star\u00e9 mesto (Vila Vella) m\u00e1 n\u00e1dhern\u00fa pevnos\u0165, ktor\u00e1<br \/>\nbola postaven\u00e1 v 12. storo\u010d\u00ed a je symbolom tohto unik\u00e1tneho miesta. Meste\u010dko m\u00e1 tri pl\u00e1\u017ee:<br \/>\nCodolar, Platja Gran a Mar Menuda. Zn\u00e1my maliar, Marc Chagall pomenoval mesto ako<br \/>\n\u201eModr\u00fd raj\u201c. Tossa sa presl\u00e1vilo v 50-tych rokoch, v\u010faka americk\u00e9mu filmu \u201ePandora and<br \/>\nthe flying Dutchman\u201c, ktor\u00fd bol nato\u010den\u00fd pr\u00e1ve tu.<\/p>\n<p>[\/et_pb_text][\/et_pb_column][\/et_pb_row][\/et_pb_section]<\/p>\n","protected":false},"excerpt":{"rendered":"<p>[et_pb_section admin_label=&#8221;section&#8221;][et_pb_row admin_label=&#8221;row&#8221;][et_pb_column type=&#8221;4_4&#8243;][et_pb_text admin_label=&#8221;Text&#8221;] Pozn\u00e1vac\u00ed z\u00e1jazd Barcelona\/Tossa de Mar Organiz\u00e1tor: Cestovn\u00e1 agent\u00fara Mediart &amp;amp;Travel, Podz\u00e1hradn\u00e1 1A\/8, 945 04 Kom\u00e1rno Referentka: Silvia Kov\u00e1cs Trasa z\u00e1jazdu : Kom\u00e1rno \u2013 Budapest \u2013 Barcelona &#8211; Tossa de Mar a sp\u00e4\u0165 D\u00e1tum konania z\u00e1jazdu: 24.05.2020 \u2013 28.05.2020 (nede\u013ea-\u0161tvrtok, 5 dn\u00ed, 4 noci), Pl\u00e1novan\u00fd po\u010det \u00fa\u010dastn\u00edkov: bude upresnen\u00fd Dopravn\u00fd prostriedok: [&hellip;]<\/p>\n","protected":false},"author":9,"featured_media":0,"parent":0,"menu_order":0,"comment_status":"closed","ping_status":"closed","template":"page-template-blank.php","meta":{"footnotes":""},"class_list":["post-3135","page","type-page","status-publish","hentry"],"_links":{"self":[{"href":"https:\/\/www.proamericana.sk\/en\/wp-json\/wp\/v2\/pages\/3135","targetHints":{"allow":["GET"]}}],"collection":[{"href":"https:\/\/www.proamericana.sk\/en\/wp-json\/wp\/v2\/pages"}],"about":[{"href":"https:\/\/www.proamericana.sk\/en\/wp-json\/wp\/v2\/types\/page"}],"author":[{"embeddable":true,"href":"https:\/\/www.proamericana.sk\/en\/wp-json\/wp\/v2\/users\/9"}],"replies":[{"embeddable":true,"href":"https:\/\/www.proamericana.sk\/en\/wp-json\/wp\/v2\/comments?post=3135"}],"version-history":[{"count":0,"href":"https:\/\/www.proamericana.sk\/en\/wp-json\/wp\/v2\/pages\/3135\/revisions"}],"wp:attachment":[{"href":"https:\/\/www.proamericana.sk\/en\/wp-json\/wp\/v2\/media?parent=3135"}],"curies":[{"name":"wp","href":"https:\/\/api.w.org\/{rel}","templated":true}]}}