{"id":3133,"date":"2017-02-21T14:11:44","date_gmt":"2017-02-21T14:11:44","guid":{"rendered":"https:\/\/www.proamericana.sk\/jazykove-kurzy\/"},"modified":"2023-08-30T07:43:13","modified_gmt":"2023-08-30T07:43:13","slug":"jazykove-kurzy","status":"publish","type":"page","link":"https:\/\/www.proamericana.sk\/en\/jazykove-kurzy\/","title":{"rendered":"JAZYKOV\u00c9 KURZY"},"content":{"rendered":"<p>[et_pb_section transparent_background=&#8221;off&#8221; allow_player_pause=&#8221;off&#8221; inner_shadow=&#8221;off&#8221; parallax=&#8221;off&#8221; parallax_method=&#8221;off&#8221; custom_padding_tablet=&#8221;0px||0px|&#8221; padding_mobile=&#8221;off&#8221; make_fullwidth=&#8221;off&#8221; use_custom_width=&#8221;off&#8221; width_unit=&#8221;on&#8221; custom_width_px=&#8221;1080px&#8221; custom_width_percent=&#8221;80%&#8221; make_equal=&#8221;off&#8221; use_custom_gutter=&#8221;off&#8221; fullwidth=&#8221;on&#8221; specialty=&#8221;off&#8221; admin_label=&#8221;Szakasz&#8221; custom_padding_last_edited=&#8221;on|tablet&#8221; disabled=&#8221;off&#8221;][et_pb_fullwidth_header title=&#8221;JAZYKOV\u00c9 KURZY&#8221; subhead=&#8221;Kurzy pre deti, ml\u00e1de\u017e a dospel\u00fdch&#8221; background_layout=&#8221;dark&#8221; text_orientation=&#8221;center&#8221; header_fullscreen=&#8221;off&#8221; header_scroll_down=&#8221;off&#8221; scroll_down_icon=&#8221;%%8%%&#8221; background_url=&#8221;http:\/\/proamericana.sk\/wp-content\/uploads\/2016\/12\/bck1-pattern.png&#8221; parallax=&#8221;off&#8221; parallax_method=&#8221;off&#8221; content_orientation=&#8221;center&#8221; image_orientation=&#8221;center&#8221; admin_label=&#8221;Teljes sz\u00e9less\u00e9g\u0171 fejl\u00e9c&#8221; title_font=&#8221;Raleway|on||on|&#8221; title_font_size=&#8221;72px&#8221; title_font_size_tablet=&#8221;54px&#8221; title_font_size_phone=&#8221;32px&#8221; title_font_size_last_edited=&#8221;on|phone&#8221; subhead_font=&#8221;Raleway||||&#8221; subhead_font_size=&#8221;70px&#8221; subhead_font_size_tablet=&#8221;25px&#8221; subhead_font_size_phone=&#8221;16px&#8221; subhead_font_size_last_edited=&#8221;on|tablet&#8221; content_font_size=&#8221;14px&#8221; custom_button_one=&#8221;off&#8221; button_one_text_size=&#8221;20&#8243; button_one_letter_spacing=&#8221;0&#8243; button_one_use_icon=&#8221;default&#8221; button_one_icon_placement=&#8221;right&#8221; button_one_on_hover=&#8221;on&#8221; button_one_letter_spacing_hover=&#8221;0&#8243; custom_button_two=&#8221;off&#8221; button_two_text_size=&#8221;20&#8243; button_two_letter_spacing=&#8221;0&#8243; button_two_use_icon=&#8221;default&#8221; button_two_icon_placement=&#8221;right&#8221; button_two_on_hover=&#8221;on&#8221; button_two_letter_spacing_hover=&#8221;0&#8243; custom_css_main_element=&#8221;background-size: 50%;||background-repeat: repeat;&#8221; custom_css_title=&#8221;font-weight: 900;||margin-top: 70px;||margin-bottom: 30px;&#8221; custom_css_subtitle=&#8221;line-height: 70px;||font-weight: 300;||margin-bottom: 50px;&#8221; disabled=&#8221;off&#8221;]<\/p>\n<p>[\/et_pb_fullwidth_header][\/et_pb_section][et_pb_section transparent_background=&#8221;off&#8221; background_color=&#8221;#ebebeb&#8221; allow_player_pause=&#8221;off&#8221; inner_shadow=&#8221;off&#8221; parallax=&#8221;off&#8221; parallax_method=&#8221;off&#8221; custom_padding=&#8221;0px|||&#8221; padding_mobile=&#8221;off&#8221; make_fullwidth=&#8221;off&#8221; use_custom_width=&#8221;off&#8221; width_unit=&#8221;on&#8221; custom_width_px=&#8221;1080px&#8221; custom_width_percent=&#8221;80%&#8221; make_equal=&#8221;off&#8221; use_custom_gutter=&#8221;off&#8221; fullwidth=&#8221;off&#8221; specialty=&#8221;off&#8221; admin_label=&#8221;Szakasz&#8221; module_class=&#8221;m22_content&#8221; disabled=&#8221;off&#8221;][et_pb_row make_fullwidth=&#8221;off&#8221; use_custom_width=&#8221;off&#8221; width_unit=&#8221;off&#8221; custom_width_px=&#8221;1080px&#8221; custom_width_percent=&#8221;80%&#8221; use_custom_gutter=&#8221;off&#8221; gutter_width=&#8221;3&#8243; custom_padding=&#8221;||5vh|&#8221; padding_mobile=&#8221;off&#8221; background_color=&#8221;#ffffff&#8221; allow_player_pause=&#8221;off&#8221; parallax=&#8221;off&#8221; parallax_method=&#8221;off&#8221; make_equal=&#8221;off&#8221; column_padding_mobile=&#8221;on&#8221; parallax_1=&#8221;off&#8221; parallax_method_1=&#8221;off&#8221; parallax_2=&#8221;off&#8221; parallax_method_2=&#8221;on&#8221; parallax_3=&#8221;off&#8221; parallax_method_3=&#8221;on&#8221; parallax_4=&#8221;off&#8221; parallax_method_4=&#8221;on&#8221; admin_label=&#8221;Sor&#8221; disabled=&#8221;off&#8221;][et_pb_column type=&#8221;4_4&#8243; disabled=&#8221;off&#8221; parallax=&#8221;off&#8221; parallax_method=&#8221;off&#8221; column_padding_mobile=&#8221;on&#8221;][et_pb_image src=&#8221;http:\/\/proamericana.sk\/wp-content\/uploads\/2017\/01\/down2.png&#8221; show_in_lightbox=&#8221;off&#8221; url=&#8221;#top22&#8243; url_new_window=&#8221;off&#8221; use_overlay=&#8221;off&#8221; animation=&#8221;fade_in&#8221; sticky=&#8221;off&#8221; align=&#8221;center&#8221; force_fullwidth=&#8221;off&#8221; always_center_on_mobile=&#8221;on&#8221; admin_label=&#8221;K\u00e9p&#8221; use_border_color=&#8221;off&#8221; border_color=&#8221;#ffffff&#8221; border_width=&#8221;1px&#8221; border_style=&#8221;solid&#8221; custom_margin=&#8221;-40px|||&#8221; custom_margin_last_edited=&#8221;on|desktop&#8221; disabled=&#8221;off&#8221; saved_tabs=&#8221;all&#8221;]<\/p>\n<p>[\/et_pb_image][et_pb_divider color=&#8221;#ffffff&#8221; height=&#8221;100px&#8221; divider_style=&#8221;solid&#8221; divider_position=&#8221;top&#8221; divider_weight=&#8221;1px&#8221; hide_on_mobile=&#8221;on&#8221; admin_label=&#8221;Elv\u00e1laszt\u00f3&#8221; disabled=&#8221;off&#8221;]<\/p>\n<p>[\/et_pb_divider][et_pb_text background_layout=&#8221;light&#8221; text_orientation=&#8221;justified&#8221; admin_label=&#8221;Sz\u00f6veg&#8221; module_id=&#8221;top22&#8243; header_font=&#8221;Raleway|on||on|&#8221; header_font_size=&#8221;22px&#8221; header_text_color=&#8221;#9eb357&#8243; text_font_size=&#8221;16px&#8221; use_border_color=&#8221;off&#8221; border_style=&#8221;solid&#8221; disabled=&#8221;off&#8221;]<\/p>\n<p><strong>Kurzy anglick\u00e9ho, nemeck\u00e9ho a \u0161panielsk\u00e9ho jazyka prebiehaj\u00fa v nov\u00fdch priestoroch jazykovej \u0161koly na ulici Gener\u00e1la Klapku 61 v Kom\u00e1rne. V\u00fduka prebieha v u\u010debniach s interakt\u00edvnou tabu\u013eou v mal\u00fdch skupin\u00e1ch od 1 do 4 \u0161tudentov, kde cena lekcie kles\u00e1 s po\u010dtom \u0161tudentov v skupine.<\/strong><\/p>\n<h3 style=\"text-align: center;line-height: 1.5;margin-bottom: 0\">CENN\u00cdK KURZOV<br \/> ANGLICK\u00dd, NEMECK\u00dd, \u0160PANIELSKY A MA\u010eARSK\u00dd JAZYK<\/h3>\n<p>[\/et_pb_text][\/et_pb_column][\/et_pb_row][et_pb_row make_fullwidth=&#8221;off&#8221; use_custom_width=&#8221;off&#8221; width_unit=&#8221;on&#8221; custom_width_px=&#8221;1080px&#8221; custom_width_percent=&#8221;80%&#8221; use_custom_gutter=&#8221;off&#8221; gutter_width=&#8221;3&#8243; padding_mobile=&#8221;off&#8221; allow_player_pause=&#8221;off&#8221; parallax=&#8221;off&#8221; parallax_method=&#8221;off&#8221; make_equal=&#8221;off&#8221; column_padding_mobile=&#8221;on&#8221; background_color_1=&#8221;#9eb357&#8243; padding_top_1=&#8221;5%&#8221; padding_right_1=&#8221;5%&#8221; padding_bottom_1=&#8221;5%&#8221; padding_left_1=&#8221;5%&#8221; parallax_1=&#8221;off&#8221; parallax_method_1=&#8221;off&#8221; parallax_2=&#8221;off&#8221; parallax_method_2=&#8221;on&#8221; parallax_3=&#8221;off&#8221; parallax_method_3=&#8221;on&#8221; parallax_4=&#8221;off&#8221; parallax_method_4=&#8221;on&#8221; admin_label=&#8221;Sor&#8221; disabled=&#8221;off&#8221;][et_pb_column type=&#8221;4_4&#8243; disabled=&#8221;off&#8221; background_color=&#8221;#9eb357&#8243; padding_bottom=&#8221;5%&#8221; padding_left=&#8221;5%&#8221; padding_right=&#8221;5%&#8221; padding_top=&#8221;5%&#8221; parallax=&#8221;off&#8221; parallax_method=&#8221;off&#8221; column_padding_mobile=&#8221;on&#8221;][et_pb_text background_layout=&#8221;light&#8221; text_orientation=&#8221;left&#8221; admin_label=&#8221;Tablazat&#8221; use_border_color=&#8221;off&#8221; border_style=&#8221;solid&#8221; disabled=&#8221;off&#8221;]<\/p>\n<table class=\"res-table\" style=\"margin: 0 auto\">\n<thead>\n<tr>\n<td><strong>PO\u010cET<\/strong><\/td>\n<td><strong>90 MIN. LEKCIA<\/strong><\/td>\n<td><strong>60 MIN. LEKCIA<\/strong><\/td>\n<td><strong>45 MIN. LEKCIA<\/strong><\/td>\n<\/tr>\n<\/thead>\n<tbody>\n<tr>\n<td>4 &scaron;tudenti<\/td>\n<td>10,00 &euro;<\/td>\n<td>8,00 &euro;<\/td>\n<td>6,00 &euro;<\/td>\n<\/tr>\n<tr>\n<td>3 &scaron;tudenti<\/td>\n<td>12,00 &euro;<\/td>\n<td>10,00 &euro;<\/td>\n<td>8,00 &euro;<\/td>\n<\/tr>\n<tr>\n<td>2 &scaron;tudenti<\/td>\n<td>16,00 &euro;<\/td>\n<td>12,00 &euro;<\/td>\n<td>10,00 &euro;<\/td>\n<\/tr>\n<tr>\n<td>1 &scaron;tudent<\/td>\n<td>26,00 &euro;<\/td>\n<td>18,00 &euro;<\/td>\n<td>14,00 &euro;<\/td>\n<\/tr>\n<tr>\n<td colspan=\"5\"><span style=\"color: #ffff99\"><strong>Z\u013dAVA pri doch&aacute;dzke 2 &ndash; kr&aacute;t do t&yacute;\u017ed\u0148a!<\/strong><\/span><\/td>\n<\/tr>\n<tr>\n<td>1 &scaron;tudent<\/td>\n<td>22,00 &euro;<\/td>\n<td>16,00 &euro;<\/td>\n<td>12,00 &euro;<\/td>\n<\/tr>\n<\/tbody>\n<\/table>\n<p>[\/et_pb_text][et_pb_text background_layout=&#8221;dark&#8221; text_orientation=&#8221;justified&#8221; admin_label=&#8221;Sz\u00f6veg&#8221; use_border_color=&#8221;off&#8221; border_style=&#8221;solid&#8221; custom_padding=&#8221;0px|10px|10px|10px&#8221; disabled=&#8221;off&#8221;]<\/p>\n<p><em>Pon\u00fakan\u00e1 z\u013eava je platn\u00e1 v pr\u00edpade, ak \u0161tudent absolvoval min. 6 lekci\u00ed v danom mesiaci.<\/em><br \/> <em>\u00dahrada poplatkov je povinn\u00e1 na za\u010diatku aktu\u00e1lneho mesiaca, a to s mo\u017enos\u0165ou dou\u010dovania v pr\u00edpade opr\u00e1vnenej absencie, pri\u010dom rodi\u010dov pros\u00edme o p\u00edsomn\u00e9 potvrdenie. Dou\u010dovanie <strong>(max. 20 min.\/os.)<\/strong> bude mo\u017en\u00e9 vyu\u017ei\u0165 len v ur\u010denom term\u00edne a to v lehote jedn\u00e9ho t\u00fd\u017ed\u0148a. \u00da\u010dastn\u00edk je povinn\u00fd 2<strong>4 hod\u00edn pre za\u010dat\u00edm<\/strong>\u00a0lekcie informova\u0165 vyu\u010duj\u00faceho v pr\u00edpade mo\u017enej absencie. V opa\u010dnom pr\u00edpade str\u00e1ca n\u00e1rok na n\u00e1hradu! <\/em><\/p>\n<p>[\/et_pb_text][\/et_pb_column][\/et_pb_row][et_pb_row make_fullwidth=&#8221;off&#8221; use_custom_width=&#8221;off&#8221; width_unit=&#8221;off&#8221; custom_width_px=&#8221;1080px&#8221; custom_width_percent=&#8221;80%&#8221; use_custom_gutter=&#8221;off&#8221; gutter_width=&#8221;3&#8243; padding_mobile=&#8221;off&#8221; allow_player_pause=&#8221;off&#8221; parallax=&#8221;off&#8221; parallax_method=&#8221;on&#8221; make_equal=&#8221;off&#8221; column_padding_mobile=&#8221;on&#8221; parallax_1=&#8221;off&#8221; parallax_method_1=&#8221;on&#8221; parallax_2=&#8221;off&#8221; parallax_method_2=&#8221;on&#8221; parallax_3=&#8221;off&#8221; parallax_method_3=&#8221;on&#8221; parallax_4=&#8221;off&#8221; parallax_method_4=&#8221;on&#8221; admin_label=&#8221;Sor&#8221; disabled=&#8221;off&#8221;][et_pb_column type=&#8221;4_4&#8243; disabled=&#8221;off&#8221; parallax=&#8221;off&#8221; parallax_method=&#8221;on&#8221; column_padding_mobile=&#8221;on&#8221;][et_pb_divider color=&#8221;#ffffff&#8221; height=&#8221;50px&#8221; divider_style=&#8221;solid&#8221; divider_position=&#8221;top&#8221; divider_weight=&#8221;1px&#8221; hide_on_mobile=&#8221;on&#8221; admin_label=&#8221;Elv\u00e1laszt\u00f3&#8221; disabled=&#8221;off&#8221;]<\/p>\n<p>[\/et_pb_divider][et_pb_text background_layout=&#8221;light&#8221; text_orientation=&#8221;justified&#8221; admin_label=&#8221;Sz\u00f6veg&#8221; text_font_size=&#8221;16&#8243; text_text_color=&#8221;#2e2d2d&#8221; use_border_color=&#8221;off&#8221; border_style=&#8221;solid&#8221; disabled=&#8221;off&#8221;]<\/p>\n<ul>\n<li>Deti od 6 do 10 rokov sa u\u010dia 2 x t\u00fd\u017edenne po 60 min\u00fat z u\u010debn\u00edc CHATTERBOX a z po\u010d\u00edta\u010dov\u00fdch v\u00fdukov\u00fdch CD-ROM programov po\u010das cel\u00e9ho \u0161kolsk\u00e9ho roka. Cez pr\u00e1zdniny pre nich organizujeme letn\u00e9 jazykov\u00e9 t\u00e1bory.<\/li>\n<li>Kurzy pre ml\u00e1de\u017e od 10 do 15 rokov s\u00fa 2 x t\u00fd\u017edenne po 60 min\u00fat, alebo 1 x t\u00fd\u017edenne po 90 min\u00fat, u\u010dia sa pomocou u\u010debn\u00edc PROJECT 1-2-3, pracovn\u00fdch zo\u0161itov a audiokaziet po\u010das trvania \u0161kolsk\u00e9ho roka<\/li>\n<li>Pre dospel\u00fdch m\u00e1me kurzy anglick\u00e9ho a nemeck\u00e9ho jazyka po\u010das cel\u00e9ho roka, pri\u010dom sa prihl\u00e1si\u0165 do kurzov m\u00f4\u017eete hocikedy. Anglick\u00fd jazyk vyu\u010dujeme pomocou u\u010debn\u00edc HEADWAY a nemeck\u00fd jazyk pomocou u\u010debn\u00edc THEMEN. Ku knih\u00e1m patria aj pracovn\u00e9 zo\u0161ity a CD nahr\u00e1vky. Dospel\u00ed sa v\u00e4\u010d\u0161inou u\u010dia 1 x t\u00fd\u017edenne po 90 min\u00fat, ale pon\u00fakame aj intenz\u00edvne kurzy na \u017eelanie \u0161tudentov.<\/li>\n<li>Kurzy pre firmy sa organizuj\u00fa a uskuto\u010d\u0148uj\u00fa priamo v priestoroch firiem, a to tak\u00fdm sp\u00f4sobom, \u017ee lektor doch\u00e1dza do ur\u010den\u00fdch u\u010debn\u00fdch priestorov firmy. V minulosti sme u\u010dili anglick\u00fd jazyk vo firm\u00e1ch ako SLOVENSK\u00c9 LODENICE, HEINEKEN SLOVENSKO, SPP &#8211; Slovensk\u00fd plyn\u00e1rensk\u00fd priemysel, RIEKER.<\/li>\n<\/ul>\n<p>[\/et_pb_text][et_pb_button button_url=&#8221;\/firma\/&#8221; url_new_window=&#8221;off&#8221; button_text=&#8221;prihl\u00e1si\u0164&#8221; button_alignment=&#8221;center&#8221; background_layout=&#8221;dark&#8221; admin_label=&#8221;Gomb&#8221; custom_button=&#8221;on&#8221; button_text_size=&#8221;32&#8243; button_bg_color=&#8221;#9eb357&#8243; button_border_width=&#8221;0&#8243; button_border_radius=&#8221;50&#8243; button_letter_spacing=&#8221;0&#8243; button_font=&#8221;|on||on|&#8221; button_use_icon=&#8221;off&#8221; button_icon_placement=&#8221;right&#8221; button_on_hover=&#8221;off&#8221; button_letter_spacing_hover=&#8221;0&#8243; custom_css_main_element=&#8221;padding-left: 2em !important;||padding-top: 0.5em !important;||padding-bottom: 0.5em !important;||padding-right: 2em !important;||box-shadow: 0px 2px 0px 0px #a2873f;&#8221; disabled=&#8221;off&#8221;]<\/p>\n<p>[\/et_pb_button][et_pb_divider color=&#8221;#ffffff&#8221; height=&#8221;50px&#8221; divider_style=&#8221;solid&#8221; divider_position=&#8221;top&#8221; divider_weight=&#8221;1px&#8221; hide_on_mobile=&#8221;on&#8221; admin_label=&#8221;Elv\u00e1laszt\u00f3&#8221; disabled=&#8221;off&#8221;]<\/p>\n<p>[\/et_pb_divider][\/et_pb_column][\/et_pb_row][\/et_pb_section][et_pb_section transparent_background=&#8221;off&#8221; background_color=&#8221;#ebebeb&#8221; allow_player_pause=&#8221;off&#8221; inner_shadow=&#8221;off&#8221; parallax=&#8221;off&#8221; parallax_method=&#8221;off&#8221; custom_padding=&#8221;0px||0px|&#8221; padding_mobile=&#8221;off&#8221; make_fullwidth=&#8221;off&#8221; use_custom_width=&#8221;off&#8221; width_unit=&#8221;on&#8221; custom_width_px=&#8221;1080px&#8221; custom_width_percent=&#8221;80%&#8221; make_equal=&#8221;off&#8221; use_custom_gutter=&#8221;off&#8221; fullwidth=&#8221;off&#8221; specialty=&#8221;off&#8221; admin_label=&#8221;Szakasz&#8221; disabled=&#8221;off&#8221;][et_pb_row make_fullwidth=&#8221;off&#8221; use_custom_width=&#8221;off&#8221; width_unit=&#8221;on&#8221; custom_width_px=&#8221;1080px&#8221; custom_width_percent=&#8221;80%&#8221; use_custom_gutter=&#8221;off&#8221; gutter_width=&#8221;3&#8243; custom_padding=&#8221;0px||0px|&#8221; padding_mobile=&#8221;off&#8221; custom_margin=&#8221;0px||0px|&#8221; background_color=&#8221;#ebebeb&#8221; allow_player_pause=&#8221;off&#8221; parallax=&#8221;off&#8221; parallax_method=&#8221;off&#8221; make_equal=&#8221;off&#8221; column_padding_mobile=&#8221;on&#8221; parallax_1=&#8221;off&#8221; parallax_method_1=&#8221;off&#8221; parallax_2=&#8221;off&#8221; parallax_method_2=&#8221;on&#8221; parallax_3=&#8221;off&#8221; parallax_method_3=&#8221;on&#8221; parallax_4=&#8221;off&#8221; parallax_method_4=&#8221;on&#8221; admin_label=&#8221;Sor&#8221; disabled=&#8221;off&#8221;][et_pb_column type=&#8221;4_4&#8243; disabled=&#8221;off&#8221; parallax=&#8221;off&#8221; parallax_method=&#8221;off&#8221; column_padding_mobile=&#8221;on&#8221;][et_pb_image src=&#8221;http:\/\/proamericana.sk\/wp-content\/uploads\/2016\/12\/hr-1.png&#8221; show_in_lightbox=&#8221;off&#8221; url_new_window=&#8221;off&#8221; use_overlay=&#8221;off&#8221; animation=&#8221;fade_in&#8221; sticky=&#8221;on&#8221; align=&#8221;center&#8221; force_fullwidth=&#8221;off&#8221; always_center_on_mobile=&#8221;on&#8221; admin_label=&#8221;K\u00e9p&#8221; use_border_color=&#8221;off&#8221; border_color=&#8221;#ffffff&#8221; border_width=&#8221;1px&#8221; border_style=&#8221;solid&#8221; disabled=&#8221;off&#8221;]<\/p>\n<p>[\/et_pb_image][et_pb_divider color=&#8221;#ffffff&#8221; height=&#8221;50px&#8221; divider_style=&#8221;solid&#8221; divider_position=&#8221;top&#8221; divider_weight=&#8221;1px&#8221; hide_on_mobile=&#8221;on&#8221; admin_label=&#8221;Elv\u00e1laszt\u00f3&#8221; disabled=&#8221;off&#8221;]<\/p>\n<p>[\/et_pb_divider][\/et_pb_column][\/et_pb_row][\/et_pb_section]<\/p>\n","protected":false},"excerpt":{"rendered":"<p>[et_pb_section transparent_background=&#8221;off&#8221; allow_player_pause=&#8221;off&#8221; inner_shadow=&#8221;off&#8221; parallax=&#8221;off&#8221; parallax_method=&#8221;off&#8221; custom_padding_tablet=&#8221;0px||0px|&#8221; padding_mobile=&#8221;off&#8221; make_fullwidth=&#8221;off&#8221; use_custom_width=&#8221;off&#8221; width_unit=&#8221;on&#8221; custom_width_px=&#8221;1080px&#8221; custom_width_percent=&#8221;80%&#8221; make_equal=&#8221;off&#8221; use_custom_gutter=&#8221;off&#8221; fullwidth=&#8221;on&#8221; specialty=&#8221;off&#8221; admin_label=&#8221;Szakasz&#8221; custom_padding_last_edited=&#8221;on|tablet&#8221; disabled=&#8221;off&#8221;][et_pb_fullwidth_header title=&#8221;JAZYKOV\u00c9 KURZY&#8221; subhead=&#8221;Kurzy pre deti, ml\u00e1de\u017e a dospel\u00fdch&#8221; background_layout=&#8221;dark&#8221; text_orientation=&#8221;center&#8221; header_fullscreen=&#8221;off&#8221; header_scroll_down=&#8221;off&#8221; scroll_down_icon=&#8221;%%8%%&#8221; background_url=&#8221;http:\/\/proamericana.sk\/wp-content\/uploads\/2016\/12\/bck1-pattern.png&#8221; parallax=&#8221;off&#8221; parallax_method=&#8221;off&#8221; content_orientation=&#8221;center&#8221; image_orientation=&#8221;center&#8221; admin_label=&#8221;Teljes sz\u00e9less\u00e9g\u0171 fejl\u00e9c&#8221; title_font=&#8221;Raleway|on||on|&#8221; title_font_size=&#8221;72px&#8221; title_font_size_tablet=&#8221;54px&#8221; title_font_size_phone=&#8221;32px&#8221; title_font_size_last_edited=&#8221;on|phone&#8221; subhead_font=&#8221;Raleway||||&#8221; subhead_font_size=&#8221;70px&#8221; subhead_font_size_tablet=&#8221;25px&#8221; subhead_font_size_phone=&#8221;16px&#8221; subhead_font_size_last_edited=&#8221;on|tablet&#8221; content_font_size=&#8221;14px&#8221; custom_button_one=&#8221;off&#8221; button_one_text_size=&#8221;20&#8243; button_one_letter_spacing=&#8221;0&#8243; [&hellip;]<\/p>\n","protected":false},"author":1,"featured_media":0,"parent":0,"menu_order":0,"comment_status":"closed","ping_status":"closed","template":"","meta":{"footnotes":""},"class_list":["post-3133","page","type-page","status-publish","hentry"],"_links":{"self":[{"href":"https:\/\/www.proamericana.sk\/en\/wp-json\/wp\/v2\/pages\/3133","targetHints":{"allow":["GET"]}}],"collection":[{"href":"https:\/\/www.proamericana.sk\/en\/wp-json\/wp\/v2\/pages"}],"about":[{"href":"https:\/\/www.proamericana.sk\/en\/wp-json\/wp\/v2\/types\/page"}],"author":[{"embeddable":true,"href":"https:\/\/www.proamericana.sk\/en\/wp-json\/wp\/v2\/users\/1"}],"replies":[{"embeddable":true,"href":"https:\/\/www.proamericana.sk\/en\/wp-json\/wp\/v2\/comments?post=3133"}],"version-history":[{"count":0,"href":"https:\/\/www.proamericana.sk\/en\/wp-json\/wp\/v2\/pages\/3133\/revisions"}],"wp:attachment":[{"href":"https:\/\/www.proamericana.sk\/en\/wp-json\/wp\/v2\/media?parent=3133"}],"curies":[{"name":"wp","href":"https:\/\/api.w.org\/{rel}","templated":true}]}}