{"id":3123,"date":"2017-02-15T14:47:08","date_gmt":"2017-02-15T14:47:08","guid":{"rendered":"https:\/\/www.proamericana.sk\/shop\/"},"modified":"2025-03-26T14:15:42","modified_gmt":"2025-03-26T14:15:42","slug":"shop","status":"publish","type":"page","link":"https:\/\/www.proamericana.sk\/en\/shop\/","title":{"rendered":"Shop"},"content":{"rendered":"<p>[et_pb_section admin_label=&#8221;Szakasz&#8221; transparent_background=&#8221;off&#8221; allow_player_pause=&#8221;off&#8221; inner_shadow=&#8221;off&#8221; parallax=&#8221;off&#8221; parallax_method=&#8221;on&#8221; padding_mobile=&#8221;off&#8221; make_fullwidth=&#8221;off&#8221; use_custom_width=&#8221;off&#8221; width_unit=&#8221;off&#8221; custom_width_px=&#8221;1080px&#8221; custom_width_percent=&#8221;80%&#8221; make_equal=&#8221;off&#8221; use_custom_gutter=&#8221;off&#8221; fullwidth=&#8221;off&#8221; specialty=&#8221;off&#8221; disabled=&#8221;off&#8221;][et_pb_row admin_label=&#8221;Riadok&#8221;][et_pb_column type=&#8221;1_2&#8243;][et_pb_cta admin_label=&#8221;Cselekv\u00e9sre felh\u00edv\u00e1s gomb&#8221; title=&#8221;wokbooks&#8221; url_new_window=&#8221;off&#8221; button_text=&#8221;find out more&#8221; use_background_color=&#8221;on&#8221; background_color=&#8221;#0ba4c5&#8243; background_layout=&#8221;dark&#8221; text_orientation=&#8221;center&#8221; header_font=&#8221;|||on|&#8221; header_font_size=&#8221;32&#8243; use_border_color=&#8221;off&#8221; border_color=&#8221;#ffffff&#8221; border_style=&#8221;solid&#8221; custom_padding=&#8221;10%|10%|10%|10%&#8221; custom_button=&#8221;off&#8221; button_letter_spacing=&#8221;0&#8243; button_use_icon=&#8221;default&#8221; button_icon_placement=&#8221;right&#8221; button_on_hover=&#8221;on&#8221; button_letter_spacing_hover=&#8221;0&#8243; custom_css_promo_button=&#8221;background: #EDC65C !important;&#8221; disabled=&#8221;off&#8221;] [\/et_pb_cta][et_pb_shop admin_label=&#8221;\u00c1ruh\u00e1z&#8221; type=&#8221;featured&#8221; posts_number=&#8221;2&#8243; columns_number=&#8221;2&#8243; orderby=&#8221;menu_order&#8221; disabled=&#8221;off&#8221;]<\/p>\n<p>&nbsp;<\/p>\n<p>[\/et_pb_shop][\/et_pb_column][et_pb_column type=&#8221;1_2&#8243;][\/et_pb_column][\/et_pb_row][\/et_pb_section][et_pb_section admin_label=&#8221;Szakasz&#8221; transparent_background=&#8221;off&#8221; background_color=&#8221;#edc65c&#8221; allow_player_pause=&#8221;off&#8221; inner_shadow=&#8221;off&#8221; parallax=&#8221;off&#8221; parallax_method=&#8221;off&#8221; custom_padding=&#8221;0px||0px|&#8221; padding_mobile=&#8221;off&#8221; make_fullwidth=&#8221;off&#8221; use_custom_width=&#8221;off&#8221; width_unit=&#8221;on&#8221; custom_width_px=&#8221;1080px&#8221; custom_width_percent=&#8221;80%&#8221; make_equal=&#8221;off&#8221; use_custom_gutter=&#8221;off&#8221; fullwidth=&#8221;off&#8221; specialty=&#8221;off&#8221; disabled_on=&#8221;off||&#8221; disabled=&#8221;off&#8221;][et_pb_row admin_label=&#8221;Sor&#8221; make_fullwidth=&#8221;off&#8221; use_custom_width=&#8221;off&#8221; width_unit=&#8221;off&#8221; custom_width_px=&#8221;1080px&#8221; custom_width_percent=&#8221;80%&#8221; use_custom_gutter=&#8221;off&#8221; gutter_width=&#8221;3&#8243; padding_mobile=&#8221;off&#8221; allow_player_pause=&#8221;off&#8221; parallax=&#8221;off&#8221; parallax_method=&#8221;on&#8221; make_equal=&#8221;off&#8221; column_padding_mobile=&#8221;on&#8221; parallax_1=&#8221;off&#8221; parallax_method_1=&#8221;on&#8221; parallax_2=&#8221;off&#8221; parallax_method_2=&#8221;on&#8221; parallax_3=&#8221;off&#8221; parallax_method_3=&#8221;on&#8221; parallax_4=&#8221;off&#8221; parallax_method_4=&#8221;on&#8221; disabled=&#8221;off&#8221;][et_pb_column type=&#8221;4_4&#8243;][et_pb_slider admin_label=&#8221;Lapoz\u00f3&#8221; show_arrows=&#8221;on&#8221; show_pagination=&#8221;on&#8221; auto=&#8221;on&#8221; auto_speed=&#8221;10000&#8243; auto_ignore_hover=&#8221;off&#8221; parallax=&#8221;off&#8221; parallax_method=&#8221;off&#8221; remove_inner_shadow=&#8221;on&#8221; background_position=&#8221;center_right&#8221; background_size=&#8221;default&#8221; hide_content_on_mobile=&#8221;off&#8221; hide_cta_on_mobile=&#8221;off&#8221; show_image_video_mobile=&#8221;off&#8221; module_class=&#8221;m22_slide&#8221; custom_button=&#8221;off&#8221; button_letter_spacing=&#8221;0&#8243; button_use_icon=&#8221;default&#8221; button_icon_placement=&#8221;right&#8221; button_on_hover=&#8221;on&#8221; button_letter_spacing_hover=&#8221;0&#8243; disabled=&#8221;off&#8221;]<\/p>\n<p>[et_pb_slide button_link=&#8221;#&#8221; background_position=&#8221;default&#8221; background_size=&#8221;default&#8221; background_color=&#8221;rgba(255,255,255,0)&#8221; use_bg_overlay=&#8221;off&#8221; use_text_overlay=&#8221;off&#8221; alignment=&#8221;center&#8221; background_layout=&#8221;light&#8221; allow_player_pause=&#8221;off&#8221; text_border_radius=&#8221;3&#8243; header_font=&#8221;||||&#8221; body_font=&#8221;||||&#8221; custom_button=&#8221;off&#8221; button_font=&#8221;||||&#8221; button_use_icon=&#8221;default&#8221; button_icon_placement=&#8221;right&#8221; button_on_hover=&#8221;on&#8221; disabled=&#8221;off&#8221; header_font_select=&#8221;default&#8221; body_font_select=&#8221;default&#8221; button_font_select=&#8221;default&#8221;]<\/p>\n<p><img loading=\"lazy\" decoding=\"async\" class=\"alignright size-full wp-image-135\" style=\"margin-right: 10%;\" src=\"http:\/\/proamericana.sk\/wp-content\/uploads\/2016\/12\/book.png\" alt=\"proamericana\" width=\"334\" height=\"422\" srcset=\"https:\/\/www.proamericana.sk\/wp-content\/uploads\/2016\/12\/book.png 334w, https:\/\/www.proamericana.sk\/wp-content\/uploads\/2016\/12\/book-237x300.png 237w\" sizes=\"auto, (max-width: 334px) 100vw, 334px\" \/><\/p>\n<p>&nbsp;<\/p>\n<p>&nbsp;<\/p>\n<p>&nbsp;<\/p>\n<div class=\"slidepad\">\n<h2>Early beginnings 1.<\/h2>\n<p>Workbook for pre-school children of 4-6 years of age<br \/>\n<a class=\"et_pb_button et_pb_button_1 et_pb_module et_pb_bg_layout_dark\" href=\"\/en\/produkt\/skore-zaciatky-1-early-beginnings-1\">DO OBCHODU<\/a><\/p>\n<\/div>\n<p>[\/et_pb_slide][et_pb_slide button_link=&#8221;#&#8221; background_position=&#8221;default&#8221; background_size=&#8221;default&#8221; background_color=&#8221;rgba(255,255,255,0)&#8221; use_bg_overlay=&#8221;off&#8221; use_text_overlay=&#8221;off&#8221; alignment=&#8221;center&#8221; background_layout=&#8221;light&#8221; allow_player_pause=&#8221;off&#8221; text_border_radius=&#8221;3&#8243; header_font=&#8221;||||&#8221; body_font=&#8221;||||&#8221; custom_button=&#8221;off&#8221; button_font=&#8221;||||&#8221; button_use_icon=&#8221;default&#8221; button_icon_placement=&#8221;right&#8221; button_on_hover=&#8221;on&#8221; disabled=&#8221;off&#8221; header_font_select=&#8221;default&#8221; body_font_select=&#8221;default&#8221; button_font_select=&#8221;default&#8221;]<\/p>\n<p><img loading=\"lazy\" decoding=\"async\" class=\"alignright size-full wp-image-135\" style=\"margin-right: 10%;\" src=\"http:\/\/proamericana.sk\/wp-content\/uploads\/2016\/12\/book2.png\" alt=\"proamericana\" width=\"334\" height=\"422\" \/><\/p>\n<p>&nbsp;<\/p>\n<p>&nbsp;<\/p>\n<p>&nbsp;<\/p>\n<div class=\"slidepad\">\n<h2>Early beginnings 2.<\/h2>\n<p>Workbook for children of 5-7 years of age<br \/>\n<a class=\"et_pb_button et_pb_button_1 et_pb_module et_pb_bg_layout_dark\" href=\"\/en\/produkt\/skore-zaciatky-2-early-beginnings-2\">DO OBCHODU<\/a><\/p>\n<\/div>\n<p>[\/et_pb_slide]<\/p>\n<p>[\/et_pb_slider][\/et_pb_column][\/et_pb_row][\/et_pb_section]<\/p>\n","protected":false},"excerpt":{"rendered":"<p>[et_pb_section admin_label=&#8221;Szakasz&#8221; transparent_background=&#8221;off&#8221; allow_player_pause=&#8221;off&#8221; inner_shadow=&#8221;off&#8221; parallax=&#8221;off&#8221; parallax_method=&#8221;on&#8221; padding_mobile=&#8221;off&#8221; make_fullwidth=&#8221;off&#8221; use_custom_width=&#8221;off&#8221; width_unit=&#8221;off&#8221; custom_width_px=&#8221;1080px&#8221; custom_width_percent=&#8221;80%&#8221; make_equal=&#8221;off&#8221; use_custom_gutter=&#8221;off&#8221; fullwidth=&#8221;off&#8221; specialty=&#8221;off&#8221; disabled=&#8221;off&#8221;][et_pb_row admin_label=&#8221;Riadok&#8221;][et_pb_column type=&#8221;1_2&#8243;][et_pb_cta admin_label=&#8221;Cselekv\u00e9sre felh\u00edv\u00e1s gomb&#8221; title=&#8221;wokbooks&#8221; url_new_window=&#8221;off&#8221; button_text=&#8221;find out more&#8221; use_background_color=&#8221;on&#8221; background_color=&#8221;#0ba4c5&#8243; background_layout=&#8221;dark&#8221; text_orientation=&#8221;center&#8221; header_font=&#8221;|||on|&#8221; header_font_size=&#8221;32&#8243; use_border_color=&#8221;off&#8221; border_color=&#8221;#ffffff&#8221; border_style=&#8221;solid&#8221; custom_padding=&#8221;10%|10%|10%|10%&#8221; custom_button=&#8221;off&#8221; button_letter_spacing=&#8221;0&#8243; button_use_icon=&#8221;default&#8221; button_icon_placement=&#8221;right&#8221; button_on_hover=&#8221;on&#8221; button_letter_spacing_hover=&#8221;0&#8243; custom_css_promo_button=&#8221;background: #EDC65C !important;&#8221; disabled=&#8221;off&#8221;] [\/et_pb_cta][et_pb_shop admin_label=&#8221;\u00c1ruh\u00e1z&#8221; type=&#8221;featured&#8221; posts_number=&#8221;2&#8243; columns_number=&#8221;2&#8243; orderby=&#8221;menu_order&#8221; disabled=&#8221;off&#8221;] [&hellip;]<\/p>\n","protected":false},"author":1,"featured_media":0,"parent":0,"menu_order":0,"comment_status":"closed","ping_status":"closed","template":"","meta":{"footnotes":""},"class_list":["post-3123","page","type-page","status-publish","hentry"],"_links":{"self":[{"href":"https:\/\/www.proamericana.sk\/en\/wp-json\/wp\/v2\/pages\/3123","targetHints":{"allow":["GET"]}}],"collection":[{"href":"https:\/\/www.proamericana.sk\/en\/wp-json\/wp\/v2\/pages"}],"about":[{"href":"https:\/\/www.proamericana.sk\/en\/wp-json\/wp\/v2\/types\/page"}],"author":[{"embeddable":true,"href":"https:\/\/www.proamericana.sk\/en\/wp-json\/wp\/v2\/users\/1"}],"replies":[{"embeddable":true,"href":"https:\/\/www.proamericana.sk\/en\/wp-json\/wp\/v2\/comments?post=3123"}],"version-history":[{"count":5,"href":"https:\/\/www.proamericana.sk\/en\/wp-json\/wp\/v2\/pages\/3123\/revisions"}],"predecessor-version":[{"id":4039,"href":"https:\/\/www.proamericana.sk\/en\/wp-json\/wp\/v2\/pages\/3123\/revisions\/4039"}],"wp:attachment":[{"href":"https:\/\/www.proamericana.sk\/en\/wp-json\/wp\/v2\/media?parent=3123"}],"curies":[{"name":"wp","href":"https:\/\/api.w.org\/{rel}","templated":true}]}}